{"id":77,"date":"2011-02-24T16:31:27","date_gmt":"2011-02-24T16:31:27","guid":{"rendered":"http:\/\/www.alasrojas.com\/blog\/?page_id=77"},"modified":"2012-11-26T11:49:51","modified_gmt":"2012-11-26T11:49:51","slug":"dcs-fc2","status":"publish","type":"page","link":"http:\/\/alasrojas.com\/blog\/index.php\/dcs-fc2\/","title":{"rendered":"FC3"},"content":{"rendered":"<p><strong> FLAMING CLIFFS 3<\/strong><\/p>\n<p><a href=\"http:\/\/www.alasrojas.com\/blog\/wp-content\/uploads\/2012\/11\/26.jpg\"><img loading=\"lazy\" class=\"aligncenter size-large wp-image-563\" title=\"FC3\" src=\"http:\/\/www.alasrojas.com\/blog\/wp-content\/uploads\/2012\/11\/26-782x1024.jpg\" alt=\"\" width=\"640\" height=\"838\" srcset=\"http:\/\/alasrojas.com\/blog\/wp-content\/uploads\/2012\/11\/26-782x1024.jpg 782w, http:\/\/alasrojas.com\/blog\/wp-content\/uploads\/2012\/11\/26-229x300.jpg 229w, http:\/\/alasrojas.com\/blog\/wp-content\/uploads\/2012\/11\/26.jpg 905w\" sizes=\"(max-width: 640px) 100vw, 640px\" \/><\/a><\/p>\n<p>FC3 es la continuaci\u00f3n de la saga Flanker, que la hace compatible con DCS World a la vez que a\u00f1ade ciertas mejoras.<\/p>\n<p>En nuestra web se pueden encontrar multitud de art\u00edculos y referencias en el foro sobre FC3 y versiones anteriores del mismo.<\/p>\n<p>&nbsp;<\/p>\n<p><strong>FC2\u00a0Y VERSIONES ANTERIORES<\/strong><\/p>\n<table border=\"0\" cellspacing=\"5\" cellpadding=\"5\" width=\"100%\" align=\"center\">\n<tbody>\n<tr>\n<td align=\"center\" valign=\"center\"><a title=\"Ir a la p\u00e1gina de inicio\" href=\"http:\/\/www.alasrojas.com\/index.htm\"><img src=\"http:\/\/www.alasrojas.com\/Imagenes\/escudo.gif\" border=\"0\" alt=\"Home Page\" \/><\/a><\/td>\n<td>\n<h1>LOCK ON: MODERN AIR COMBAT<\/h1>\n<\/td>\n<td align=\"center\" valign=\"top\"><a href=\"http:\/\/www.lo-mac.com\/\"><img loading=\"lazy\" src=\"http:\/\/www.alasrojas.com\/Imagenes\/lomaclogo.gif\" border=\"0\" alt=\"P\u00e1gina oficial de Lock On\" width=\"241\" height=\"110\" \/><\/a><\/td>\n<\/tr>\n<\/tbody>\n<\/table>\n<p>Bienvenidos a la secci\u00f3n dedicada a LOMAC (Lock On: Modern Air Combat), el simulador de SSI\/Eagle Dynamics que continua la saga iniciada por el ya cl\u00e1sico Flanker 1.0 y que, de momento, nos mantiene ocupados con sus \u00faltimas encarnaciones (Flaker 2.03a y 2.5)<\/p>\n<table border=\"0\" cellspacing=\"5\" cellpadding=\"5\" width=\"100%\">\n<tbody>\n<tr>\n<td>\n<div><img loading=\"lazy\" src=\"http:\/\/www.alasrojas.com\/lomac\/scr_Su27.jpg\" alt=\"\" width=\"448\" height=\"314\" \/><\/div>\n<\/td>\n<td>\n<div><img loading=\"lazy\" src=\"http:\/\/www.alasrojas.com\/lomac\/scr_mig-29s.jpg\" alt=\"\" width=\"448\" height=\"314\" \/><\/div>\n<\/td>\n<\/tr>\n<\/tbody>\n<\/table>\n<p>&nbsp;<\/p>\n<h3>P\u00e1ginas disponibles<\/h3>\n<p><a title=\"Avance del combate BVR en LOMAC 1.1\" href=\"http:\/\/www.alasrojas.com\/lomac\/preview11mig\/default.htm\">Avance del combate BVR en LOMAC 1.1<\/a> en donde podr\u00e9is vivir una misi\u00f3n CAP a bordo del MiG-29S y aprender utlilizar todos los nuevos modos de radar aire-aire que nos traer\u00e1 LOMAC 1.1. Realizado en Enero 2005 sobre la \u00faltima beta disponible a la fecha.<\/p>\n<p><a title=\"Avance de la avi\u00f3nica del Su-25\" href=\"http:\/\/www.alasrojas.com\/lomac\/router\/default.htm\">Gu\u00eda de conexi\u00f3n<\/a> para volar en red con LOMAC cuando se utiliza un router, router-m\u00f3dem o cualquier otro dispositivo que asigne direcciones de red privadas no visibles directamente desde Internet.<\/p>\n<p><a title=\"Avance de la avi\u00f3nica del Su-25\" href=\"http:\/\/www.alasrojas.com\/lomac\/avancesu25\/default.htm\">An\u00e1lisis de la avi\u00f3nica<\/a> del Su-25 Frogfoot realizado por nuestro compa\u00f1ero V\u00edbora. Presenta en detalle la navegaci\u00f3n y el combate en el nuevo avi\u00f3n de ataque ruso que nos traer\u00e1 LOMAC. Realizado en Agosto de 2003 sobre una de las \u00faltimas versiones disponibles del simulador.<\/p>\n<p><a title=\"Entrevista con Matt Wagner\" href=\"http:\/\/www.alasrojas.com\/lomac\/c6entrevista.htm\">Entrevista en Check Six (14-1-2003)<\/a> &#8211; Traducci\u00f3n al castellano de la entrevista que Matt Wagner concedi\u00f3 a los pilotos franceses de\u00a0<a title=\"Web de Checksix (en franc\u00e9s)\" href=\"http:\/\/www.checksix-fr.com\/\" target=\"_blank\">Check Six<\/a>.<\/p>\n<p><a title=\"Diario del Productor\" href=\"http:\/\/www.alasrojas.com\/lomac\/diario.htm\">Diario del Productor<\/a> &#8211; Traducci\u00f3n al castellano del diario oficial que Matt Wagner (el productor de LOMAC) publica informando de los progresos en el desarrollo del simulador.<\/p>\n<p><a title=\"Preguntas Frecuentes\" href=\"http:\/\/www.alasrojas.com\/lomac\/faq.htm\">Preguntas Frecuentes<\/a> &#8211; Traducci\u00f3n al castellano del documento oficial de preguntas frecuentes (FAQ) sobre LOMAC.<\/p>\n<p><a title=\"Im\u00e1genes de LOMAC\" href=\"http:\/\/www.lo-mac.com\/screenshots.php\">Im\u00e1genes<\/a> &#8211; Enlace a la p\u00e1gina de im\u00e1genes de LOMAC<\/p>\n","protected":false},"excerpt":{"rendered":"<p>FLAMING CLIFFS 3 FC3 es la continuaci\u00f3n de la saga Flanker, que la hace compatible con DCS World a la vez que a\u00f1ade ciertas mejoras. En nuestra web se pueden encontrar multitud de art\u00edculos y referencias en el foro sobre FC3 y versiones anteriores del mismo. &nbsp; FC2\u00a0Y VERSIONES ANTERIORES LOCK ON: MODERN AIR COMBAT [&hellip;]<\/p>\n","protected":false},"author":1,"featured_media":0,"parent":0,"menu_order":4,"comment_status":"closed","ping_status":"closed","template":"onecolumn-page.php","meta":[],"_links":{"self":[{"href":"http:\/\/alasrojas.com\/blog\/index.php\/wp-json\/wp\/v2\/pages\/77"}],"collection":[{"href":"http:\/\/alasrojas.com\/blog\/index.php\/wp-json\/wp\/v2\/pages"}],"about":[{"href":"http:\/\/alasrojas.com\/blog\/index.php\/wp-json\/wp\/v2\/types\/page"}],"author":[{"embeddable":true,"href":"http:\/\/alasrojas.com\/blog\/index.php\/wp-json\/wp\/v2\/users\/1"}],"replies":[{"embeddable":true,"href":"http:\/\/alasrojas.com\/blog\/index.php\/wp-json\/wp\/v2\/comments?post=77"}],"version-history":[{"count":10,"href":"http:\/\/alasrojas.com\/blog\/index.php\/wp-json\/wp\/v2\/pages\/77\/revisions"}],"predecessor-version":[{"id":215,"href":"http:\/\/alasrojas.com\/blog\/index.php\/wp-json\/wp\/v2\/pages\/77\/revisions\/215"}],"wp:attachment":[{"href":"http:\/\/alasrojas.com\/blog\/index.php\/wp-json\/wp\/v2\/media?parent=77"}],"curies":[{"name":"wp","href":"https:\/\/api.w.org\/{rel}","templated":true}]}}