{"id":677,"date":"2013-03-26T12:04:44","date_gmt":"2013-03-26T12:04:44","guid":{"rendered":"http:\/\/www.alasrojas.com\/blog\/?page_id=677"},"modified":"2021-02-09T12:50:28","modified_gmt":"2021-02-09T12:50:28","slug":"manuales","status":"publish","type":"page","link":"http:\/\/alasrojas.com\/blog\/index.php\/documentacion\/manuales\/","title":{"rendered":"Manuales"},"content":{"rendered":"<table border=\"1\" cellspacing=\"0\" cellpadding=\"0\">\n<tbody>\n<tr>\n<td valign=\"top\" width=\"566\"><strong>DCS UH-1H Huey &#8211; Manual de Inicio R\u00e1pido<\/strong><\/td>\n<\/tr>\n<tr>\n<td valign=\"top\" width=\"566\"><a href=\"http:\/\/www.alasrojas.com\/blog\/wp-content\/uploads\/2014\/04\/DCS-UH-1H-MIR1.jpg\"><img loading=\"lazy\" class=\"size-medium wp-image-829 aligncenter\" title=\"DCS UH-1H-MIR\" src=\"http:\/\/www.alasrojas.com\/blog\/wp-content\/uploads\/2014\/04\/DCS-UH-1H-MIR1-200x300.jpg\" alt=\"\" width=\"200\" height=\"300\" srcset=\"http:\/\/alasrojas.com\/blog\/wp-content\/uploads\/2014\/04\/DCS-UH-1H-MIR1-200x300.jpg 200w, http:\/\/alasrojas.com\/blog\/wp-content\/uploads\/2014\/04\/DCS-UH-1H-MIR1.jpg 662w\" sizes=\"(max-width: 200px) 100vw, 200px\" \/><\/a><\/td>\n<\/tr>\n<tr>\n<td valign=\"top\" width=\"566\">\n<p style=\"text-align: right;\"><span style=\"color: #993300;\"><strong><a title=\"DCS UH-1H Manual de Inicio R\u00e1pido\" href=\"http:\/\/www.alasrojas.com\/Descarga\/Manuales\/DCS UH-1H Manual de Inicio R\u00e1pido.pdf\" target=\"_blank\" rel=\"noopener\">DESCARGA<\/a> <\/strong><\/span><\/p>\n<\/td>\n<\/tr>\n<\/tbody>\n<\/table>\n<table border=\"1\" cellspacing=\"0\" cellpadding=\"0\">\n<tbody>\n<tr>\n<td valign=\"top\" width=\"566\"><strong>DCS World SU-25T &#8211; Manual de Vuelo<\/strong><\/td>\n<\/tr>\n<tr>\n<td valign=\"top\" width=\"566\"><a href=\"http:\/\/www.alasrojas.com\/blog\/wp-content\/uploads\/2013\/03\/DCS-WORLD-SU-25T-MV8.jpg\"><img loading=\"lazy\" class=\"size-medium wp-image-729 aligncenter\" title=\"DCS WORLD SU-25T MV\" src=\"http:\/\/www.alasrojas.com\/blog\/wp-content\/uploads\/2013\/03\/DCS-WORLD-SU-25T-MV8-229x300.jpg\" alt=\"\" width=\"229\" height=\"300\" srcset=\"http:\/\/alasrojas.com\/blog\/wp-content\/uploads\/2013\/03\/DCS-WORLD-SU-25T-MV8-229x300.jpg 229w, http:\/\/alasrojas.com\/blog\/wp-content\/uploads\/2013\/03\/DCS-WORLD-SU-25T-MV8.jpg 745w\" sizes=\"(max-width: 229px) 100vw, 229px\" \/><\/a><\/td>\n<\/tr>\n<tr>\n<td valign=\"top\" width=\"566\">\n<p style=\"text-align: right;\"><span style=\"color: #993300;\"><strong><a title=\"DCS World Su-25T Manual de Vuelo\" href=\"http:\/\/www.alasrojas.com\/Descarga\/Manuales\/DCS World Su-25T Manual de Vuelo.pdf\" target=\"_blank\" rel=\"noopener\">DESCARGA<\/a> <\/strong><\/span><\/p>\n<\/td>\n<\/tr>\n<tr>\n<td valign=\"top\" width=\"566\"><strong>DCS P-51D Mustang &#8211; Gu\u00eda de Inicio R\u00e1pido<\/strong><\/td>\n<\/tr>\n<tr>\n<td valign=\"top\" width=\"566\"><a href=\"http:\/\/www.alasrojas.com\/blog\/wp-content\/uploads\/2013\/03\/DCS-P-51D-GIR4.jpg\"><img loading=\"lazy\" class=\"size-medium wp-image-730 aligncenter\" title=\"DCS P-51D GIR\" src=\"http:\/\/www.alasrojas.com\/blog\/wp-content\/uploads\/2013\/03\/DCS-P-51D-GIR4-200x300.jpg\" alt=\"\" width=\"200\" height=\"300\" srcset=\"http:\/\/alasrojas.com\/blog\/wp-content\/uploads\/2013\/03\/DCS-P-51D-GIR4-200x300.jpg 200w, http:\/\/alasrojas.com\/blog\/wp-content\/uploads\/2013\/03\/DCS-P-51D-GIR4.jpg 651w\" sizes=\"(max-width: 200px) 100vw, 200px\" \/><\/a><\/td>\n<\/tr>\n<tr>\n<td valign=\"top\" width=\"566\">\n<p style=\"text-align: right;\"><span style=\"color: #993300;\"><strong> <a title=\"DCS P-51D Gu\u00eda de Inicio R\u00e1pido\" href=\"http:\/\/www.alasrojas.com\/Descarga\/Manuales\/DCS P-51D Gu\u00eda de Inicio R\u00e1pido.pdf\" target=\"_blank\" rel=\"noopener\">DESCARGA<\/a><\/strong><\/span><\/p>\n<\/td>\n<\/tr>\n<tr>\n<td valign=\"top\" width=\"566\"><strong>DCS A-10C &#8211; Manual de Vuelo<\/strong><\/td>\n<\/tr>\n<tr>\n<td valign=\"top\" width=\"566\"><a href=\"http:\/\/www.alasrojas.com\/blog\/wp-content\/uploads\/2013\/03\/A-10C-MV1.jpg\"><img loading=\"lazy\" class=\"size-medium wp-image-731 aligncenter\" title=\"A-10C MV\" src=\"http:\/\/www.alasrojas.com\/blog\/wp-content\/uploads\/2013\/03\/A-10C-MV1-229x300.jpg\" alt=\"\" width=\"229\" height=\"300\" srcset=\"http:\/\/alasrojas.com\/blog\/wp-content\/uploads\/2013\/03\/A-10C-MV1-229x300.jpg 229w, http:\/\/alasrojas.com\/blog\/wp-content\/uploads\/2013\/03\/A-10C-MV1.jpg 748w\" sizes=\"(max-width: 229px) 100vw, 229px\" \/><\/a><\/td>\n<\/tr>\n<tr>\n<td valign=\"top\" width=\"566\">\n<p style=\"text-align: right;\"><span style=\"color: #993300;\"><strong><a title=\"DCS A-10C Manual de Vuelo\" href=\"http:\/\/www.alasrojas.com\/Descarga\/Manuales\/DCS A-10C Manual de Vuelo.pdf\" target=\"_blank\" rel=\"noopener\">DESCARGA<\/a><\/strong><\/span><\/p>\n<\/td>\n<\/tr>\n<tr>\n<td valign=\"top\" width=\"566\"><strong>DCS A-10C &#8211; Gu\u00eda de Inicio R\u00e1pido <\/strong><\/td>\n<\/tr>\n<tr>\n<td valign=\"top\" width=\"566\"><a href=\"http:\/\/www.alasrojas.com\/blog\/wp-content\/uploads\/2013\/03\/A-10C-GIR2.jpg\"><img loading=\"lazy\" class=\"size-medium wp-image-732 aligncenter\" title=\"A-10C GIR\" src=\"http:\/\/www.alasrojas.com\/blog\/wp-content\/uploads\/2013\/03\/A-10C-GIR2-200x300.jpg\" alt=\"\" width=\"200\" height=\"300\" srcset=\"http:\/\/alasrojas.com\/blog\/wp-content\/uploads\/2013\/03\/A-10C-GIR2-200x300.jpg 200w, http:\/\/alasrojas.com\/blog\/wp-content\/uploads\/2013\/03\/A-10C-GIR2.jpg 520w\" sizes=\"(max-width: 200px) 100vw, 200px\" \/><\/a><\/td>\n<\/tr>\n<tr>\n<td valign=\"top\" width=\"566\">\n<p style=\"text-align: right;\"><span style=\"color: #993300;\"><strong> <a title=\"DCS A-10C Gu\u00eda de Inicio R\u00e1pido\" href=\"http:\/\/www.alasrojas.com\/Descarga\/Manuales\/DCS A-10C Gu\u00eda de Inicio R\u00e1pido.pdf\" target=\"_blank\" rel=\"noopener\">DESCARGA<\/a><\/strong><\/span><\/p>\n<\/td>\n<\/tr>\n<tr>\n<td valign=\"top\" width=\"566\"><span style=\"color: #000000;\"><strong>DCS A-10C &#8211; \u00a0Interfaz Gr\u00e1fica de Usuario<\/strong><\/span><\/td>\n<\/tr>\n<tr>\n<td valign=\"top\" width=\"566\"><a href=\"http:\/\/www.alasrojas.com\/blog\/wp-content\/uploads\/2013\/03\/A-10C-IGU2.jpg\"><img loading=\"lazy\" class=\"size-medium wp-image-733 aligncenter\" title=\"A-10C IGU\" src=\"http:\/\/www.alasrojas.com\/blog\/wp-content\/uploads\/2013\/03\/A-10C-IGU2-232x300.jpg\" alt=\"\" width=\"232\" height=\"300\" srcset=\"http:\/\/alasrojas.com\/blog\/wp-content\/uploads\/2013\/03\/A-10C-IGU2-232x300.jpg 232w, http:\/\/alasrojas.com\/blog\/wp-content\/uploads\/2013\/03\/A-10C-IGU2.jpg 704w\" sizes=\"(max-width: 232px) 100vw, 232px\" \/><\/a><\/td>\n<\/tr>\n<tr>\n<td valign=\"top\" width=\"566\">\n<p style=\"text-align: right;\"><strong><span style=\"color: #993300;\"> <a title=\"DCS A-10C Manual de la Interfaz\" href=\"http:\/\/www.alasrojas.com\/Descarga\/Manuales\/DCS A-10C Manual de la Interfaz.pdf\" target=\"_blank\" rel=\"noopener\">DESCARGA<\/a><\/span><\/strong><\/p>\n<\/td>\n<\/tr>\n<tr>\n<td valign=\"top\" width=\"566\"><span style=\"color: #000000;\"><strong>DCS BS2 &#8211; Gu\u00eda de Inicio R\u00e1pido <\/strong><\/span><\/td>\n<\/tr>\n<tr>\n<td valign=\"top\" width=\"566\"><a href=\"http:\/\/www.alasrojas.com\/blog\/wp-content\/uploads\/2013\/03\/DCS-BS2-GIR2.jpg\"><img loading=\"lazy\" class=\"size-medium wp-image-734 aligncenter\" title=\"DCS BS2 GIR\" src=\"http:\/\/www.alasrojas.com\/blog\/wp-content\/uploads\/2013\/03\/DCS-BS2-GIR2-199x300.jpg\" alt=\"\" width=\"199\" height=\"300\" srcset=\"http:\/\/alasrojas.com\/blog\/wp-content\/uploads\/2013\/03\/DCS-BS2-GIR2-199x300.jpg 199w, http:\/\/alasrojas.com\/blog\/wp-content\/uploads\/2013\/03\/DCS-BS2-GIR2.jpg 650w\" sizes=\"(max-width: 199px) 100vw, 199px\" \/><\/a><\/td>\n<\/tr>\n<tr>\n<td valign=\"top\" width=\"566\">\n<p style=\"text-align: right;\"><strong><span style=\"color: #993300;\"> <a title=\"DCS BS2 Gu\u00eda de Inicio R\u00e1pido\" href=\"http:\/\/www.alasrojas.com\/Descarga\/Manuales\/DCS BS2 Gu\u00eda de Inicio R\u00e1pido.pdf\" target=\"_blank\" rel=\"noopener\">DESCARGA<\/a><\/span><\/strong><\/p>\n<\/td>\n<\/tr>\n<tr>\n<td valign=\"top\" width=\"566\"><span style=\"color: #000000;\"><strong>DCS BS &#8211; Manual de Vuelo<\/strong><\/span><\/td>\n<\/tr>\n<tr>\n<td valign=\"top\" width=\"566\"><a href=\"http:\/\/www.alasrojas.com\/blog\/wp-content\/uploads\/2013\/03\/DCS-BS-MV2.jpg\"><img loading=\"lazy\" class=\"size-medium wp-image-735 aligncenter\" title=\"DCS BS MV\" src=\"http:\/\/www.alasrojas.com\/blog\/wp-content\/uploads\/2013\/03\/DCS-BS-MV2-229x300.jpg\" alt=\"\" width=\"229\" height=\"300\" srcset=\"http:\/\/alasrojas.com\/blog\/wp-content\/uploads\/2013\/03\/DCS-BS-MV2-229x300.jpg 229w, http:\/\/alasrojas.com\/blog\/wp-content\/uploads\/2013\/03\/DCS-BS-MV2.jpg 746w\" sizes=\"(max-width: 229px) 100vw, 229px\" \/><\/a><\/td>\n<\/tr>\n<tr>\n<td valign=\"top\" width=\"566\">\n<p style=\"text-align: right;\"><strong><span style=\"color: #993300;\"> <a title=\"DCS BS Manual de Vuelo\" href=\"http:\/\/www.alasrojas.com\/Descarga\/Manuales\/DCS BS Manual de Vuelo.pdf\" target=\"_blank\" rel=\"noopener\">DESCARGA<\/a><\/span><\/strong><\/p>\n<\/td>\n<\/tr>\n<tr>\n<td valign=\"top\" width=\"566\"><span style=\"color: #000000;\"><strong>DCS BS &#8211; Interfaz Gr\u00e1fica de Usuario <\/strong><\/span><\/td>\n<\/tr>\n<tr>\n<td valign=\"top\" width=\"566\"><a href=\"http:\/\/www.alasrojas.com\/blog\/wp-content\/uploads\/2013\/03\/DCS-BS-IGU2.jpg\"><img loading=\"lazy\" class=\"size-medium wp-image-736 aligncenter\" title=\"DCS BS IGU\" src=\"http:\/\/www.alasrojas.com\/blog\/wp-content\/uploads\/2013\/03\/DCS-BS-IGU2-231x300.jpg\" alt=\"\" width=\"231\" height=\"300\" srcset=\"http:\/\/alasrojas.com\/blog\/wp-content\/uploads\/2013\/03\/DCS-BS-IGU2-231x300.jpg 231w, http:\/\/alasrojas.com\/blog\/wp-content\/uploads\/2013\/03\/DCS-BS-IGU2.jpg 755w\" sizes=\"(max-width: 231px) 100vw, 231px\" \/><\/a><\/td>\n<\/tr>\n<tr>\n<td valign=\"top\" width=\"566\">\n<p style=\"text-align: right;\"><strong><span style=\"color: #993300;\"><a title=\"DCS BS Manual de la Interfaz\" href=\"http:\/\/www.alasrojas.com\/Descarga\/Manuales\/DCS BS Manual de la Interfaz.pdf\" target=\"_blank\" rel=\"noopener\">DESCARGA<\/a><\/span><\/strong><\/p>\n<\/td>\n<\/tr>\n<tr>\n<td style=\"text-align: left;\" valign=\"top\" width=\"566\"><strong>DCS BS &#8211; Comandos del teclado &#8211; modo simulaci\u00f3n\u00a0\u00a0\u00a0\u00a0\u00a0\u00a0\u00a0\u00a0\u00a0\u00a0\u00a0\u00a0\u00a0\u00a0\u00a0\u00a0\u00a0<a title=\"DCS-BS_Comandos_teclado_Ka-50_simulaci\u00f3n\" href=\"http:\/\/www.alasrojas.com\/2.0\/manuales\/Ka-50\/DCS-BS_Comandos_teclado_Ka-50_simulaci\u00f3n.pdf\" target=\"_blank\" rel=\"noopener\">DESCARGA<\/a><\/strong><\/td>\n<\/tr>\n<tr>\n<td valign=\"top\" width=\"566\"><strong>DCS BS &#8211; Comandos del teclado &#8211; modo\u00a0arcade\u00a0\u00a0\u00a0\u00a0\u00a0\u00a0\u00a0 \u00a0\u00a0\u00a0\u00a0\u00a0\u00a0\u00a0\u00a0\u00a0\u00a0\u00a0\u00a0\u00a0\u00a0\u00a0\u00a0 <a title=\"DCS-BS_Comandos_teclado_Ka-50_arcade\" href=\"http:\/\/www.alasrojas.com\/2.0\/manuales\/Ka-50\/DCS-BS_Comandos_teclado_Ka-50_arcade.pdf\" target=\"_blank\" rel=\"noopener\">DESCARGA<\/a><\/strong><\/td>\n<\/tr>\n<tr>\n<td valign=\"top\" width=\"566\"><strong>DCS Combined Arms &#8211; Manual del Usuario<\/strong><\/td>\n<\/tr>\n<tr>\n<td valign=\"top\" width=\"566\"><a href=\"http:\/\/www.alasrojas.com\/blog\/wp-content\/uploads\/2013\/09\/DCS-CA-Manual.jpg\"><img loading=\"lazy\" class=\"size-medium wp-image-789 aligncenter\" title=\"DCS CA Manual\" src=\"http:\/\/www.alasrojas.com\/blog\/wp-content\/uploads\/2013\/09\/DCS-CA-Manual-232x300.jpg\" alt=\"\" width=\"232\" height=\"300\" srcset=\"http:\/\/alasrojas.com\/blog\/wp-content\/uploads\/2013\/09\/DCS-CA-Manual-232x300.jpg 232w, http:\/\/alasrojas.com\/blog\/wp-content\/uploads\/2013\/09\/DCS-CA-Manual.jpg 728w\" sizes=\"(max-width: 232px) 100vw, 232px\" \/><\/a><\/td>\n<\/tr>\n<tr>\n<td valign=\"top\" width=\"566\">\n<p style=\"text-align: right;\"><span style=\"color: #993300;\"><strong><a title=\"DCS World Su-25T Manual de Vuelo\" href=\"http:\/\/www.alasrojas.com\/Descarga\/Manuales\/Combined Arms Manual ES.pdf\" target=\"_blank\" rel=\"noopener\">DESCARGA<\/a> <\/strong><\/span><\/p>\n<\/td>\n<\/tr>\n<tr>\n<td valign=\"top\" width=\"566\"><strong>Flaming Cliffs 1<\/strong> (Versi\u00f3n alfa)<\/td>\n<\/tr>\n<tr>\n<td valign=\"top\" width=\"566\"><a href=\"http:\/\/www.alasrojas.com\/blog\/wp-content\/uploads\/2014\/12\/LockOn-1.jpg\"><img loading=\"lazy\" class=\"size-medium wp-image-863 aligncenter\" title=\"LockOn-1\" src=\"http:\/\/www.alasrojas.com\/blog\/wp-content\/uploads\/2014\/12\/LockOn-1-232x300.jpg\" alt=\"\" width=\"232\" height=\"300\" srcset=\"http:\/\/alasrojas.com\/blog\/wp-content\/uploads\/2014\/12\/LockOn-1-232x300.jpg 232w, http:\/\/alasrojas.com\/blog\/wp-content\/uploads\/2014\/12\/LockOn-1.jpg 705w\" sizes=\"(max-width: 232px) 100vw, 232px\" \/><\/a><\/td>\n<\/tr>\n<tr>\n<td valign=\"top\" width=\"566\">\n<p style=\"text-align: right;\"><span style=\"color: #993300;\"><strong> <a title=\"Flaming Cliffs 1\" href=\"http:\/\/www.alasrojas.com\/Descarga\/Manuales\/FC1_ES_rev_2014.pdf\" target=\"_blank\" rel=\"noopener\">DESCARGA<\/a><\/strong><\/span><\/p>\n<\/td>\n<\/tr>\n<\/tbody>\n<\/table>\n","protected":false},"excerpt":{"rendered":"<p>DCS UH-1H Huey &#8211; Manual de Inicio R\u00e1pido DESCARGA DCS World SU-25T &#8211; Manual de Vuelo DESCARGA DCS P-51D Mustang &#8211; Gu\u00eda de Inicio R\u00e1pido DESCARGA DCS A-10C &#8211; Manual de Vuelo DESCARGA DCS A-10C &#8211; Gu\u00eda de Inicio R\u00e1pido DESCARGA DCS A-10C &#8211; \u00a0Interfaz Gr\u00e1fica de Usuario DESCARGA DCS BS2 &#8211; Gu\u00eda de Inicio [&hellip;]<\/p>\n","protected":false},"author":3,"featured_media":789,"parent":81,"menu_order":0,"comment_status":"closed","ping_status":"closed","template":"","meta":[],"_links":{"self":[{"href":"http:\/\/alasrojas.com\/blog\/index.php\/wp-json\/wp\/v2\/pages\/677"}],"collection":[{"href":"http:\/\/alasrojas.com\/blog\/index.php\/wp-json\/wp\/v2\/pages"}],"about":[{"href":"http:\/\/alasrojas.com\/blog\/index.php\/wp-json\/wp\/v2\/types\/page"}],"author":[{"embeddable":true,"href":"http:\/\/alasrojas.com\/blog\/index.php\/wp-json\/wp\/v2\/users\/3"}],"replies":[{"embeddable":true,"href":"http:\/\/alasrojas.com\/blog\/index.php\/wp-json\/wp\/v2\/comments?post=677"}],"version-history":[{"count":47,"href":"http:\/\/alasrojas.com\/blog\/index.php\/wp-json\/wp\/v2\/pages\/677\/revisions"}],"predecessor-version":[{"id":1026,"href":"http:\/\/alasrojas.com\/blog\/index.php\/wp-json\/wp\/v2\/pages\/677\/revisions\/1026"}],"up":[{"embeddable":true,"href":"http:\/\/alasrojas.com\/blog\/index.php\/wp-json\/wp\/v2\/pages\/81"}],"wp:featuredmedia":[{"embeddable":true,"href":"http:\/\/alasrojas.com\/blog\/index.php\/wp-json\/wp\/v2\/media\/789"}],"wp:attachment":[{"href":"http:\/\/alasrojas.com\/blog\/index.php\/wp-json\/wp\/v2\/media?parent=677"}],"curies":[{"name":"wp","href":"https:\/\/api.w.org\/{rel}","templated":true}]}}