{"id":623,"date":"2013-02-27T12:13:35","date_gmt":"2013-02-27T12:13:35","guid":{"rendered":"http:\/\/www.alasrojas.com\/blog\/?page_id=623"},"modified":"2013-03-04T14:04:45","modified_gmt":"2013-03-04T14:04:45","slug":"modificacion-fssb-r3-warthog-de-realsimulator","status":"publish","type":"page","link":"http:\/\/alasrojas.com\/blog\/index.php\/documentacion\/hardware\/modificacion-fssb-r3-warthog-de-realsimulator\/","title":{"rendered":"Modificaci\u00f3n FSSB R3 Warthog de RealSimulator"},"content":{"rendered":"<h6 style=\"text-align: right;\"><a title=\"FSSB R3 Warthog mod from RealSimulator\" href=\"http:\/\/www.alasrojas.com\/blog\/?page_id=662&amp;preview=true\">English version<\/a><\/h6>\n<p><strong>Introducci\u00f3n.<\/strong><\/p>\n<p>RealSimulator, fiel a su pasi\u00f3n por la simulaci\u00f3n a\u00e9rea de<br \/>\nalta calidad, acaba de desarrollar un nuevo mod para el mando HOTAS Warthog: el<br \/>\nFSSB R3 Warthog, el cual he tenido el privilegio de probar durante las \u00faltimas<br \/>\nsemanas, y puedo decir con satisfacci\u00f3n que es una aut\u00e9ntica maravilla de la<br \/>\nt\u00e9cnica. Una modificaci\u00f3n para el HOTAS Warthog que merece realmente la pena,<br \/>\nsi lo que se busca es precisi\u00f3n absoluta en el control de la aeronave y por<br \/>\nsupuesto sobre todo, para los amantes del F-16 Falcon, aunque no<br \/>\nexclusivamente, ni mucho menos, como veremos.<\/p>\n<p><a href=\"http:\/\/www.alasrojas.com\/blog\/wp-content\/uploads\/2013\/02\/ConStick13701.jpg\"><img loading=\"lazy\" class=\"alignright size-large wp-image-652\" title=\"ConStick1370\" src=\"http:\/\/www.alasrojas.com\/blog\/wp-content\/uploads\/2013\/02\/ConStick13701-1016x1024.jpg\" alt=\"\" width=\"640\" height=\"645\" srcset=\"http:\/\/alasrojas.com\/blog\/wp-content\/uploads\/2013\/02\/ConStick13701-1016x1024.jpg 1016w, http:\/\/alasrojas.com\/blog\/wp-content\/uploads\/2013\/02\/ConStick13701-150x150.jpg 150w, http:\/\/alasrojas.com\/blog\/wp-content\/uploads\/2013\/02\/ConStick13701-297x300.jpg 297w, http:\/\/alasrojas.com\/blog\/wp-content\/uploads\/2013\/02\/ConStick13701.jpg 1370w\" sizes=\"(max-width: 640px) 100vw, 640px\" \/><\/a><\/p>\n<h6><span style=\"color: #3366ff;\">Figura 1. Joystick del HOTAS Warthog con mod FSSB R3.<\/span><\/h6>\n<p>&nbsp;<\/p>\n<p><a href=\"http:\/\/www.alasrojas.com\/blog\/wp-content\/uploads\/2013\/02\/CajaAbiertaDel11402.jpg\"><img loading=\"lazy\" class=\"alignright size-large wp-image-653\" title=\"CajaAbiertaDel1140\" src=\"http:\/\/www.alasrojas.com\/blog\/wp-content\/uploads\/2013\/02\/CajaAbiertaDel11402-955x1024.jpg\" alt=\"\" width=\"640\" height=\"686\" srcset=\"http:\/\/alasrojas.com\/blog\/wp-content\/uploads\/2013\/02\/CajaAbiertaDel11402-955x1024.jpg 955w, http:\/\/alasrojas.com\/blog\/wp-content\/uploads\/2013\/02\/CajaAbiertaDel11402-279x300.jpg 279w, http:\/\/alasrojas.com\/blog\/wp-content\/uploads\/2013\/02\/CajaAbiertaDel11402.jpg 1140w\" sizes=\"(max-width: 640px) 100vw, 640px\" \/><\/a><\/p>\n<h6><span style=\"color: #3366ff;\">Figura 2. Caja del FSSB R3 Warthog.<\/span><\/h6>\n<p><strong> <\/strong><\/p>\n<p><strong>Descripci\u00f3n.<\/strong><\/p>\n<p>El FSSB R3 es una modificaci\u00f3n para el mando HOTAS Warthog<br \/>\nde Thrustmaster, el dispositivo consiste en un sensor de fuerza de alta calidad<br \/>\nque substituye al mecanismo original de dicho mando, y que como sucede con los<br \/>\nmods R1 y R2 Viper desarrollados anteriormente por RealSimulator, convierte<br \/>\nnuestro Warthog en un mando fijo con sensor de fuerza, no m\u00e1s mecanismos<br \/>\nerr\u00e1ticos y s\u00ed mucha precisi\u00f3n, toda la que se quiera, as\u00ed como muchas otras<br \/>\nventajas.<\/p>\n<p>La base de nuestro Warthog se intercambia con la base del<br \/>\nR3, que incorpora nuevo hardware cuyas caracter\u00edsticas veremos m\u00e1s adelante,<br \/>\ntambi\u00e9n hay la opci\u00f3n de conservar el hardware original del Warthog, todo ello<br \/>\nlo veremos a continuaci\u00f3n, el mando queda fijo aunque con un ligero movimiento<br \/>\nsimilar al del mando aut\u00e9ntico del F-16, proporcionando una sensaci\u00f3n<br \/>\ninmejorable, superando a la ofrecida por los mods R1 y R2.<\/p>\n<p><a href=\"http:\/\/www.alasrojas.com\/blog\/wp-content\/uploads\/2013\/02\/FSSBR3Arriba7404.jpg\"><img loading=\"lazy\" class=\"alignright size-full wp-image-654\" title=\"FSSBR3Arriba740\" src=\"http:\/\/www.alasrojas.com\/blog\/wp-content\/uploads\/2013\/02\/FSSBR3Arriba7404.jpg\" alt=\"\" width=\"740\" height=\"616\" srcset=\"http:\/\/alasrojas.com\/blog\/wp-content\/uploads\/2013\/02\/FSSBR3Arriba7404.jpg 740w, http:\/\/alasrojas.com\/blog\/wp-content\/uploads\/2013\/02\/FSSBR3Arriba7404-300x249.jpg 300w\" sizes=\"(max-width: 740px) 100vw, 740px\" \/><\/a><\/p>\n<h6><span style=\"color: #3366ff;\">Figura 3. Base del FSSB R3 Warthog.<\/span><\/h6>\n<p>&nbsp;<\/p>\n<p><strong>Instalaci\u00f3n y configuraci\u00f3n.<\/strong><\/p>\n<p>La instalaci\u00f3n es sumamente sencilla, consiste b\u00e1sicamente<br \/>\nen desenroscar el mando y desatornillar la base de la plataforma,<br \/>\nintercambiando la base por la del nuevo m\u00f3dulo R3. RealSimulator proporciona<br \/>\nun software de muy f\u00e1cil uso para instalar el firmware.<\/p>\n<p>Opcionalmente y de forma sencilla, se puede a\u00f1adir a la<br \/>\nnueva base la placa integrada de nuestro antiguo HOTAS Warthog, conservando as\u00ed<br \/>\ntodas las opciones de programaci\u00f3n del Warthog mediante el programa Target<br \/>\netc., ya que se reconocer\u00e1 como otro dispositivo.<\/p>\n<p>Por lo tanto, tendr\u00edamos las siguientes opciones:<\/p>\n<ul>\n<li> Opci\u00f3n 1. Que comprende:<\/li>\n<\/ul>\n<ol>\n<li> Nueva mec\u00e1nica de RealSimulator con mando fijo<br \/>\ny sensor de fuerza.<\/li>\n<li> Nueva electr\u00f3nica de RealSimulator.<\/li>\n<\/ol>\n<p>&nbsp;<\/p>\n<ul>\n<li> Opci\u00f3n 2. Que comprende:<\/li>\n<\/ul>\n<ol>\n<li> Nueva mec\u00e1nica de RealSimulator con mando fijo<br \/>\ny sensor de fuerza.<\/li>\n<li> Nueva electr\u00f3nica de Real Simulator.<\/li>\n<li> Tarjeta electr\u00f3nica original de Thrustmaster.<\/li>\n<\/ol>\n<p><a href=\"http:\/\/www.alasrojas.com\/blog\/wp-content\/uploads\/2013\/02\/FSSBR3Abajo8001.jpg\"><img loading=\"lazy\" class=\"alignright size-full wp-image-655\" title=\"FSSBR3Abajo800\" src=\"http:\/\/www.alasrojas.com\/blog\/wp-content\/uploads\/2013\/02\/FSSBR3Abajo8001.jpg\" alt=\"\" width=\"800\" height=\"754\" srcset=\"http:\/\/alasrojas.com\/blog\/wp-content\/uploads\/2013\/02\/FSSBR3Abajo8001.jpg 800w, http:\/\/alasrojas.com\/blog\/wp-content\/uploads\/2013\/02\/FSSBR3Abajo8001-300x282.jpg 300w\" sizes=\"(max-width: 800px) 100vw, 800px\" \/><\/a><\/p>\n<h6><span style=\"color: #3366ff;\">Figura 4. Opci\u00f3n 1: nueva mec\u00e1nica de RS + nueva electr\u00f3nica de RS.<\/span><\/h6>\n<p><a href=\"http:\/\/www.alasrojas.com\/blog\/wp-content\/uploads\/2013\/02\/FSSBR3AbajoTM7381.jpg\"><img loading=\"lazy\" class=\"alignright size-full wp-image-656\" title=\"FSSBR3AbajoTM738\" src=\"http:\/\/www.alasrojas.com\/blog\/wp-content\/uploads\/2013\/02\/FSSBR3AbajoTM7381.jpg\" alt=\"\" width=\"738\" height=\"676\" srcset=\"http:\/\/alasrojas.com\/blog\/wp-content\/uploads\/2013\/02\/FSSBR3AbajoTM7381.jpg 738w, http:\/\/alasrojas.com\/blog\/wp-content\/uploads\/2013\/02\/FSSBR3AbajoTM7381-300x274.jpg 300w\" sizes=\"(max-width: 738px) 100vw, 738px\" \/><\/a><\/p>\n<h6><span style=\"color: #3366ff;\">Figura 5. Opci\u00f3n 2: nueva mec\u00e1nica de RS + nueva electr\u00f3nica de RS + tarjeta electr\u00f3nica de TM.<\/span><\/h6>\n<p>&nbsp;<\/p>\n<p>No obstante lo anterior, el nuevo m\u00f3dulo ofrece una amplia<br \/>\ngama de opciones de configuraci\u00f3n, \u00a0con<br \/>\nm\u00faltiples combinaciones usando el bot\u00f3n pinky o el paddle (gatillo posterior)<br \/>\npara multiplicar las funciones de cada bot\u00f3n, as\u00ed como la\u00a0configuraci\u00f3n de las<br \/>\ncurvas de respuesta de cada eje. Y esto se puede hacer adem\u00e1s \u00a1sobre la marcha!<br \/>\nO sea, mediante una combinaci\u00f3n de teclas que por defecto es pinky + gatillo<br \/>\nposterior, o el bot\u00f3n pulsador del CMS (si as\u00ed se configura) en combinaci\u00f3n con<br \/>\nTMS, DMS, HAT o gatillos 1 y 2, se puede cambiar para cada eje (alabeo y<br \/>\ncabeceo) tanto la saturaci\u00f3n (control de escala completa) como la sensibilidad o<br \/>\nel centrado en pleno vuelo. Tambi\u00e9n del mismo modo, se puede configurar el HAT<br \/>\npara que act\u00fae como vistas (POV) o como compensador y se puede asimismo volver<br \/>\na la configuraci\u00f3n por defecto.<\/p>\n<p>Se podr\u00e1 disponer de varios firmwares en funci\u00f3n de las<br \/>\nnecesidades de cada uno. Por ejemplo para diferentes tipos de aviones como<br \/>\ncazas a reacci\u00f3n modernos, aviones de h\u00e9lice, etc., e incluso uno espec\u00edfico<br \/>\npara cuando nos hemos quedado sin mando de gases ni pedales y s\u00f3lo disponemos<br \/>\ndel joystick, se denomina Last Chance Joystick (Joystick de \u00daltimo Recurso), el<br \/>\ncual emula los ejes de gases, cursor del radar, alcance del radar, elevaci\u00f3n de<br \/>\nla antena y pedales mediante los botones del joystick.<\/p>\n<p><a href=\"http:\/\/www.alasrojas.com\/blog\/wp-content\/uploads\/2013\/02\/FSSB-R3-Warthog-LCJ_FW_1_00_01.jpg\"><img loading=\"lazy\" class=\"alignright size-full wp-image-657\" title=\"FSSB-R3-Warthog-LCJ_FW_1_00_0\" src=\"http:\/\/www.alasrojas.com\/blog\/wp-content\/uploads\/2013\/02\/FSSB-R3-Warthog-LCJ_FW_1_00_01.jpg\" alt=\"\" width=\"985\" height=\"560\" srcset=\"http:\/\/alasrojas.com\/blog\/wp-content\/uploads\/2013\/02\/FSSB-R3-Warthog-LCJ_FW_1_00_01.jpg 985w, http:\/\/alasrojas.com\/blog\/wp-content\/uploads\/2013\/02\/FSSB-R3-Warthog-LCJ_FW_1_00_01-300x170.jpg 300w\" sizes=\"(max-width: 985px) 100vw, 985px\" \/><\/a><\/p>\n<h6><span style=\"color: #3366ff;\">Figura 6. Esquema del firmware LCJ &#8211; Joystick de \u00daltimo Recurso.<\/span><\/h6>\n<p>&nbsp;<\/p>\n<p><strong>Experiencia.<\/strong><\/p>\n<p>Durante el tiempo que he estado probando este mod, he podido<br \/>\ncomprobar la versatilidad del mismo en cualquier simulador, desde un caza<br \/>\nmoderno FBW como el F-16 simulado en Falcon 4 hasta un caza de h\u00e9lice como el<br \/>\nP-51D simulado en DCS, que consta del modelo de vuelo m\u00e1s avanzado hoy en d\u00eda<br \/>\npara PC.<\/p>\n<p>En cuanto al Falcon 4 no cabe duda de que este mod<br \/>\nproporcionar\u00e1 al usuario un nivel de realismo sin precedentes, pero adem\u00e1s le<br \/>\nofrecer\u00e1 la posibilidad de ajustar el nivel de sensibilidad a sus gustos personales,<br \/>\npara conseguir un vuelo preciso aumentando la \u201cdureza\u201d del mando, por ejemplo<br \/>\ndurante un ataque a tierra, o ajustar una respuesta m\u00e1s \u201csensible\u201d durante un<br \/>\ndogfight, evitando as\u00ed tener que ejercer una fuerza excesiva durante largos<br \/>\nper\u00edodos de tiempo.<\/p>\n<p>Realizando varias aproximaciones y aterrizajes en Falcon 4 he<br \/>\npodido comprobar la ventaja de usar una respuesta \u201cdura\u201d frente a una respuesta<br \/>\n\u201csensible\u201d, pudiendo realizar con la primera una aproximaci\u00f3n mucho m\u00e1s estable<br \/>\nen la cual se puede apreciar la turbulencia atmosf\u00e9rica, cosa que con la<br \/>\nsegunda opci\u00f3n es mucho m\u00e1s dif\u00edcil de distinguir, ya que la propia oscilaci\u00f3n<br \/>\ninducida por el piloto (PIO) camufla la turbulencia implementada en el<br \/>\nsimulador.<\/p>\n<p>El hecho de poder ajustar la respuesta sobre la marcha puede<br \/>\nser de gran utilidad en el caso de pilotos novatos, que ser\u00e1n capaces de<br \/>\nrealizar maniobras complejas y que requieren habitualmente largas horas de<br \/>\naprendizaje \u00a1a la primera! En el caso de los pilotos expertos, les facilitar\u00e1<br \/>\nel convertirse en aut\u00e9nticos ases de la aviaci\u00f3n. Pongamos por caso un<br \/>\nrepostaje en DCS con el A-10C. Los joysticks que usamos habitualmente son<br \/>\nexcesivamente sensibles, puesto que han de ser blandos para poder usarlos sobre<br \/>\nuna mesa y sin estar anclados, y la longitud del mando suele ser corta, acorde<br \/>\nadem\u00e1s con los potenci\u00f3metros habituales que de por s\u00ed no proporcionan gran<br \/>\nprecisi\u00f3n. Durante la mayor parte del tiempo de la misi\u00f3n dicho joystick cumple<br \/>\nperfectamente su cometido, pero cuando llega la hora de realizar un repostaje<br \/>\nes cuando se echa en falta un joystick con mayor precisi\u00f3n. Cambiando la<br \/>\nrespuesta de nuestro R3 en pleno vuelo al aproximarnos al avi\u00f3n cisterna,<br \/>\nmediante una simple combinaci\u00f3n de teclas, conseguiremos realizar repostajes<br \/>\nsin problema alguno. Tras probarlo se puede concluir que la facilidad con que<br \/>\nse reposta con el R3 aumentando la dureza del mismo es sencillamente algo sorprendente,<br \/>\npor no decir milagroso. Lo mismo, o similar, sucede con el vuelo en formaci\u00f3n,<br \/>\nque resulta mucho m\u00e1s sencillo con un mando que proporcione alta precisi\u00f3n como<br \/>\neste.<\/p>\n<p>Con otros aviones de la saga DCS, como los diferentes<br \/>\naviones de Flaming Cliffs 3 o con el P-51D, tambi\u00e9n obtenemos una gran ventaja<br \/>\nal poder ajustar la respuesta seg\u00fan nos interese en cada uno de ellos, haciendo<br \/>\nque el vuelo en dichos aviones sea sencillo y c\u00f3modo. Lo mismo se puede decir<br \/>\npara el helic\u00f3ptero Ka-50.<\/p>\n<p>Por \u00faltimo, la configuraci\u00f3n dentro del simulador a la hora<br \/>\nde configurar botones funciona perfectamente y es f\u00e1cil de usar, nada que<br \/>\nobjetar, ya que el FSSB R3 es reconocido como cualquier otro dispositivo por<br \/>\nWindows, en realidad como varios dispositivos con m\u00faltiples ejes.<\/p>\n<p>Sin lugar a dudas, una gran elecci\u00f3n para los usuarios del<br \/>\nWarthog que quieran mejorar las prestaciones del mismo, si el bolsillo lo<br \/>\npermite por supuesto.<\/p>\n<p>&nbsp;<\/p>\n<p><strong>RealSimulator.<\/strong><\/p>\n<p>La p\u00e1gina web de RealSimulator es <a href=\"http:\/\/www.realsimulator.com\">www.realsimulator.com<\/a> y toda la<br \/>\ninformaci\u00f3n sobre el FSSB R3, incluidos v\u00eddeos de montaje y configuraci\u00f3n y el precio,<br \/>\nse encuentra en <a href=\"http:\/\/www.realsimulator.com\/html\/fssb_r3_warthog.html\">http:\/\/www.realsimulator.com\/html\/fssb_r3_warthog.html<\/a><br \/>\nas\u00ed como en el foro al cual se puede acceder desde dicho enlace.<\/p>\n<p>&nbsp;<\/p>\n<p>Roberto Seoane \u201cV\u00edbora\u201d<\/p>\n<p>Alas Rojas<\/p>\n<p>www.alasrojas.com<\/p>\n<p>&nbsp;<\/p>\n<p>&nbsp;<\/p>\n","protected":false},"excerpt":{"rendered":"<p>English version Introducci\u00f3n. RealSimulator, fiel a su pasi\u00f3n por la simulaci\u00f3n a\u00e9rea de alta calidad, acaba de desarrollar un nuevo mod para el mando HOTAS Warthog: el FSSB R3 Warthog, el cual he tenido el privilegio de probar durante las \u00faltimas semanas, y puedo decir con satisfacci\u00f3n que es una aut\u00e9ntica maravilla de la t\u00e9cnica. [&hellip;]<\/p>\n","protected":false},"author":3,"featured_media":0,"parent":184,"menu_order":0,"comment_status":"closed","ping_status":"closed","template":"","meta":[],"_links":{"self":[{"href":"http:\/\/alasrojas.com\/blog\/index.php\/wp-json\/wp\/v2\/pages\/623"}],"collection":[{"href":"http:\/\/alasrojas.com\/blog\/index.php\/wp-json\/wp\/v2\/pages"}],"about":[{"href":"http:\/\/alasrojas.com\/blog\/index.php\/wp-json\/wp\/v2\/types\/page"}],"author":[{"embeddable":true,"href":"http:\/\/alasrojas.com\/blog\/index.php\/wp-json\/wp\/v2\/users\/3"}],"replies":[{"embeddable":true,"href":"http:\/\/alasrojas.com\/blog\/index.php\/wp-json\/wp\/v2\/comments?post=623"}],"version-history":[{"count":20,"href":"http:\/\/alasrojas.com\/blog\/index.php\/wp-json\/wp\/v2\/pages\/623\/revisions"}],"predecessor-version":[{"id":649,"href":"http:\/\/alasrojas.com\/blog\/index.php\/wp-json\/wp\/v2\/pages\/623\/revisions\/649"}],"up":[{"embeddable":true,"href":"http:\/\/alasrojas.com\/blog\/index.php\/wp-json\/wp\/v2\/pages\/184"}],"wp:attachment":[{"href":"http:\/\/alasrojas.com\/blog\/index.php\/wp-json\/wp\/v2\/media?parent=623"}],"curies":[{"name":"wp","href":"https:\/\/api.w.org\/{rel}","templated":true}]}}