{"id":480,"date":"2012-05-18T10:12:59","date_gmt":"2012-05-18T10:12:59","guid":{"rendered":"http:\/\/www.alasrojas.com\/blog\/?page_id=480"},"modified":"2012-05-18T15:48:09","modified_gmt":"2012-05-18T15:48:09","slug":"a-10c","status":"publish","type":"page","link":"http:\/\/alasrojas.com\/blog\/index.php\/documentacion\/aeronaves\/a-10c\/","title":{"rendered":"A-10C"},"content":{"rendered":"<p>Documentaci\u00f3n\u00a0del A-10C.<\/p>\n<p><a href=\"http:\/\/www.alasrojas.com\/blog\/wp-content\/uploads\/2012\/05\/HOTAS_A-10C_es.docx\">HOTAS A-10C en espa\u00f1ol<\/a><\/p>\n<p><a href=\"http:\/\/www.alasrojas.com\/blog\/wp-content\/uploads\/2012\/05\/DCS-A-10C.docx\">HOTAS A-10C en ingl\u00e9s<\/a><\/p>\n<p><a title=\"DCS A-10C Men\u00fa de la CDU\" href=\"http:\/\/www.alasrojas.com\/2.0\/foro\/download\/file.php?id=164\" target=\"_blank\">DCS-A10C_Men\u00fa\u00a0de la\u00a0CDU<\/a><\/p>\n<p><a href=\"http:\/\/www.alasrojas.com\/blog\/wp-content\/uploads\/2012\/05\/DCS-A10C_Menu-del-HUD.pdf\">DCS-A10C_Men\u00fa del HUD<\/a><\/p>\n<p><a href=\"http:\/\/www.alasrojas.com\/blog\/wp-content\/uploads\/2012\/05\/Procedimiento-de-arranque.pdf\">Procedimiento de puesta en marcha.<\/a><\/p>\n","protected":false},"excerpt":{"rendered":"<p>Documentaci\u00f3n\u00a0del A-10C. HOTAS A-10C en espa\u00f1ol HOTAS A-10C en ingl\u00e9s DCS-A10C_Men\u00fa\u00a0de la\u00a0CDU DCS-A10C_Men\u00fa del HUD Procedimiento de puesta en marcha.<\/p>\n","protected":false},"author":3,"featured_media":0,"parent":188,"menu_order":0,"comment_status":"closed","ping_status":"closed","template":"","meta":[],"_links":{"self":[{"href":"http:\/\/alasrojas.com\/blog\/index.php\/wp-json\/wp\/v2\/pages\/480"}],"collection":[{"href":"http:\/\/alasrojas.com\/blog\/index.php\/wp-json\/wp\/v2\/pages"}],"about":[{"href":"http:\/\/alasrojas.com\/blog\/index.php\/wp-json\/wp\/v2\/types\/page"}],"author":[{"embeddable":true,"href":"http:\/\/alasrojas.com\/blog\/index.php\/wp-json\/wp\/v2\/users\/3"}],"replies":[{"embeddable":true,"href":"http:\/\/alasrojas.com\/blog\/index.php\/wp-json\/wp\/v2\/comments?post=480"}],"version-history":[{"count":6,"href":"http:\/\/alasrojas.com\/blog\/index.php\/wp-json\/wp\/v2\/pages\/480\/revisions"}],"predecessor-version":[{"id":485,"href":"http:\/\/alasrojas.com\/blog\/index.php\/wp-json\/wp\/v2\/pages\/480\/revisions\/485"}],"up":[{"embeddable":true,"href":"http:\/\/alasrojas.com\/blog\/index.php\/wp-json\/wp\/v2\/pages\/188"}],"wp:attachment":[{"href":"http:\/\/alasrojas.com\/blog\/index.php\/wp-json\/wp\/v2\/media?parent=480"}],"curies":[{"name":"wp","href":"https:\/\/api.w.org\/{rel}","templated":true}]}}