{"id":439,"date":"2012-03-03T19:05:17","date_gmt":"2012-03-03T19:05:17","guid":{"rendered":"http:\/\/www.alasrojas.com\/blog\/?page_id=439"},"modified":"2012-03-03T19:21:18","modified_gmt":"2012-03-03T19:21:18","slug":"uso-del-ventrilo-como-servidor-y-cliente","status":"publish","type":"page","link":"http:\/\/alasrojas.com\/blog\/index.php\/documentacion\/articulos\/uso-del-ventrilo-como-servidor-y-cliente\/","title":{"rendered":"Uso del Ventrilo como Servidor y Cliente"},"content":{"rendered":"<p>En las Alas Rojas disponemos de un servidor de Ventrilo disponible las 24 horas del d\u00eda. Sin embargo, si por cualquier circunstancia dicho servidor estuviese ca\u00eddo, a\u00fan podremos usar el Ventrilo, siempre y cuando uno de los interlocutores act\u00fae como servidor, l\u00f3gicamente el otro interlocutor o interlocutores ser\u00e1n los clientes.<\/p>\n<p>Vamos a ver los pasos que han de realizar tanto el servidor como el cliente en dicho caso:<\/p>\n<p><strong>1.- Instalaci\u00f3n.<\/strong><\/p>\n<p>El servidor:<\/p>\n<p>Ha de descargar Ventrilo server e instalarlo.<\/p>\n<p>Ha de descargar Ventrilo client e instalarlo.<\/p>\n<p>El cliente:<\/p>\n<p>Ha de descargar Ventrilo client e instalarlo.<\/p>\n<p>&nbsp;<\/p>\n<p><strong>2.- Configuraci\u00f3n<\/strong><\/p>\n<p>El servidor:<\/p>\n<p>Debe abrir el archivo Edit INI file, accesible desde Inicio-Todos los programas-VentSrv.<\/p>\n<p>A continuaci\u00f3n ha de modificar los siguientes par\u00e1metros en dicho archivo:<\/p>\n<p><em>Name=<\/em> asignarle el nombre que queramos.<\/p>\n<p><em>Phonetic=<\/em> no es imprescindible<\/p>\n<p><em>Auth=1<\/em> para poner password, si no dejar 0.<\/p>\n<p><em>Password= <\/em>esta ser\u00e1 la clave de acceso al servidor si hemos puesto Auth=1.<\/p>\n<p>Guardar el\u00a0archivo, con el mismo nombre (ctrl +G), no usar Guardar como.<\/p>\n<p>Debe abrir el puerto 3784 del router.<\/p>\n<p>A continuaci\u00f3n abrir Ventrilo Server, accesible desde Inicio-Todos los programas-Ventrilo Server y dejarlo abierto.<\/p>\n<p>Abrir despu\u00e9s el Ventrilo Client y conectarse a la IP del propio ordenador: 192.168.1.2 o la que corresponda.<\/p>\n<p>Escribir la contrase\u00f1a acordada, si es que hay una.<\/p>\n<p>&nbsp;<\/p>\n<p>El cliente:<\/p>\n<p>Actuar\u00e1 de la forma habitual, abrir el Ventrilo client y conectar con la IP del servidor. Para obtener la IP del otro interlocutor que act\u00faa como \u00a0servidor hay muchos m\u00e9todos, uno de ellos es mediante el mIRC, escribiendo <em>\/DNS nickname <\/em>(siendo nickname el nick que tengamos en el mirc evidentemente) en alguna de las ventanas del mirc y pulsando enter. La IP se podr\u00e1 ver en la ventana de status.<\/p>\n<p>Escribir la contrase\u00f1a acordada, si es que hay una.<\/p>\n<p>&nbsp;<\/p>\n<p>\u00a1Felices vuelos! O al menos felices comunicaciones.<\/p>\n<p>&nbsp;<\/p>\n<p>V\u00edbora.<\/p>\n<p>&nbsp;<\/p>\n","protected":false},"excerpt":{"rendered":"<p>En las Alas Rojas disponemos de un servidor de Ventrilo disponible las 24 horas del d\u00eda. Sin embargo, si por cualquier circunstancia dicho servidor estuviese ca\u00eddo, a\u00fan podremos usar el Ventrilo, siempre y cuando uno de los interlocutores act\u00fae como servidor, l\u00f3gicamente el otro interlocutor o interlocutores ser\u00e1n los clientes. Vamos a ver los pasos [&hellip;]<\/p>\n","protected":false},"author":3,"featured_media":0,"parent":186,"menu_order":0,"comment_status":"closed","ping_status":"closed","template":"","meta":[],"_links":{"self":[{"href":"http:\/\/alasrojas.com\/blog\/index.php\/wp-json\/wp\/v2\/pages\/439"}],"collection":[{"href":"http:\/\/alasrojas.com\/blog\/index.php\/wp-json\/wp\/v2\/pages"}],"about":[{"href":"http:\/\/alasrojas.com\/blog\/index.php\/wp-json\/wp\/v2\/types\/page"}],"author":[{"embeddable":true,"href":"http:\/\/alasrojas.com\/blog\/index.php\/wp-json\/wp\/v2\/users\/3"}],"replies":[{"embeddable":true,"href":"http:\/\/alasrojas.com\/blog\/index.php\/wp-json\/wp\/v2\/comments?post=439"}],"version-history":[{"count":12,"href":"http:\/\/alasrojas.com\/blog\/index.php\/wp-json\/wp\/v2\/pages\/439\/revisions"}],"predecessor-version":[{"id":445,"href":"http:\/\/alasrojas.com\/blog\/index.php\/wp-json\/wp\/v2\/pages\/439\/revisions\/445"}],"up":[{"embeddable":true,"href":"http:\/\/alasrojas.com\/blog\/index.php\/wp-json\/wp\/v2\/pages\/186"}],"wp:attachment":[{"href":"http:\/\/alasrojas.com\/blog\/index.php\/wp-json\/wp\/v2\/media?parent=439"}],"curies":[{"name":"wp","href":"https:\/\/api.w.org\/{rel}","templated":true}]}}