{"id":204,"date":"2011-02-24T17:45:28","date_gmt":"2011-02-24T17:45:28","guid":{"rendered":"http:\/\/www.alasrojas.com\/blog\/?page_id=204"},"modified":"2012-11-26T11:12:11","modified_gmt":"2012-11-26T11:12:11","slug":"canal-alas-rojas","status":"publish","type":"page","link":"http:\/\/alasrojas.com\/blog\/index.php\/archivo\/canal-alas-rojas\/","title":{"rendered":"Canal Alas Rojas"},"content":{"rendered":"<p>Puedes localizarnos tanto en el <a title=\"foro\" href=\"http:\/\/www.alasrojas.com\/2.0\/foro\/\" target=\"_blank\">foro<\/a>, como en el canal de chat de IRC #flanker en Undernet (ver la p\u00e1gina de <a title=\"Presentaci\u00f3n\" href=\"http:\/\/www.alasrojas.com\/blog\/?page_id=161\" target=\"_blank\">Presentaci\u00f3n<\/a>), como contactando con el usuario flankeralasrojas a trav\u00e9s de Skype.<\/p>\n","protected":false},"excerpt":{"rendered":"<p>Puedes localizarnos tanto en el foro, como en el canal de chat de IRC #flanker en Undernet (ver la p\u00e1gina de Presentaci\u00f3n), como contactando con el usuario flankeralasrojas a trav\u00e9s de Skype.<\/p>\n","protected":false},"author":1,"featured_media":0,"parent":83,"menu_order":1,"comment_status":"closed","ping_status":"closed","template":"onecolumn-page.php","meta":[],"_links":{"self":[{"href":"http:\/\/alasrojas.com\/blog\/index.php\/wp-json\/wp\/v2\/pages\/204"}],"collection":[{"href":"http:\/\/alasrojas.com\/blog\/index.php\/wp-json\/wp\/v2\/pages"}],"about":[{"href":"http:\/\/alasrojas.com\/blog\/index.php\/wp-json\/wp\/v2\/types\/page"}],"author":[{"embeddable":true,"href":"http:\/\/alasrojas.com\/blog\/index.php\/wp-json\/wp\/v2\/users\/1"}],"replies":[{"embeddable":true,"href":"http:\/\/alasrojas.com\/blog\/index.php\/wp-json\/wp\/v2\/comments?post=204"}],"version-history":[{"count":3,"href":"http:\/\/alasrojas.com\/blog\/index.php\/wp-json\/wp\/v2\/pages\/204\/revisions"}],"predecessor-version":[{"id":593,"href":"http:\/\/alasrojas.com\/blog\/index.php\/wp-json\/wp\/v2\/pages\/204\/revisions\/593"}],"up":[{"embeddable":true,"href":"http:\/\/alasrojas.com\/blog\/index.php\/wp-json\/wp\/v2\/pages\/83"}],"wp:attachment":[{"href":"http:\/\/alasrojas.com\/blog\/index.php\/wp-json\/wp\/v2\/media?parent=204"}],"curies":[{"name":"wp","href":"https:\/\/api.w.org\/{rel}","templated":true}]}}