{"id":202,"date":"2011-02-24T17:45:05","date_gmt":"2011-02-24T17:45:05","guid":{"rendered":"http:\/\/www.alasrojas.com\/blog\/?page_id=202"},"modified":"2011-02-24T17:47:26","modified_gmt":"2011-02-24T17:47:26","slug":"enlaces","status":"publish","type":"page","link":"http:\/\/alasrojas.com\/blog\/index.php\/archivo\/enlaces\/","title":{"rendered":"Enlaces"},"content":{"rendered":"<p>ENLACES DE LAS ALAS ROJAS<\/p>\n<table border=\"0\" cellspacing=\"10\" width=\"100%\" align=\"center\">\n<tbody>\n<tr>\n<td width=\"60%\" valign=\"top\">\n<table border=\"1\" cellspacing=\"5\" width=\"100%\" align=\"center\">\n<tbody>\n<tr>\n<td valign=\"top\"><strong>\u00bb <\/strong><strong>Aviaci\u00f3n civil<\/strong><br \/>\n<strong>&#8211;<\/strong> <small><a href=\"http:\/\/www.aeroclubnimbus.aero\/\" target=\"_blank\">Aeroclub Nimbus de Vuelo a Vela<\/a><\/small><br \/>\n<strong>&#8211;<\/strong> <small><a href=\"http:\/\/www.aero-news.net\/\" target=\"_blank\">Aeronews Network<\/a><\/small><br \/>\n<strong>&#8211;<\/strong> <small><a href=\"http:\/\/www.a340.net\/\" target=\"_blank\">Airbus A340<\/a><\/small><br \/>\n<strong>&#8211;<\/strong> <small><a href=\"http:\/\/apuntes.rincondelvago.com\/trabajos_global\/aeronautica_avionica\/\" target=\"_blank\">apuntes sobre aeronautica<\/a><\/small><br \/>\n<strong>&#8211;<\/strong> <small><a href=\"http:\/\/www.asociacionaviacionexperimental.com\/\" target=\"_blank\">Asociaci\u00f3n de Aviaci\u00f3n Experimental<\/a><\/small><br \/>\n<strong>&#8211;<\/strong> <small><a href=\"http:\/\/www.jacob52.es\/\" target=\"_blank\">Asociaci\u00f3n Deportiva JACOB-52<\/a><\/small><br \/>\n<strong>&#8211;<\/strong> <small><a href=\"http:\/\/www.luizmonteiro.com\/Index.aspx\" target=\"_blank\">C\u00e1lculos de aviaci\u00f3n<\/a><\/small><br \/>\n<strong>&#8211;<\/strong> <small><a href=\"http:\/\/www.redbullairrace.com\/\" target=\"_blank\">carreras a\u00e9reas Red Bull<\/a><\/small><br \/>\n<strong>&#8211;<\/strong> <small><a href=\"http:\/\/www.mfom.es\/ciaiac\/ciaiac.html\" target=\"_blank\">Comision de accidentes<\/a><\/small><br \/>\n<strong>&#8211;<\/strong> <small><a href=\"http:\/\/eol.jsc.nasa.gov\/sseop\/Clickmap\/default.htm\" target=\"_blank\">Fotograf\u00eda astron\u00e1utica de la tierra<\/a><\/small><br \/>\n<strong>&#8211;<\/strong> <small><a href=\"http:\/\/ais.aena.es\/\" target=\"_blank\">Informaci\u00f3n Aeron\u00e1utica de AENA<\/a><\/small><br \/>\n<strong>&#8211;<\/strong> <small><a href=\"http:\/\/www.pilotosdeiberia.com\/\" target=\"_blank\">Pilotos de Iberia<\/a><\/small><br \/>\n<strong>&#8211;<\/strong> <small><a href=\"http:\/\/http\/\/meteo.infospace.ru\/\" target=\"_blank\">Russian Weather Conditions<\/a><\/small><br \/>\n<strong>&#8211;<\/strong> <small><a href=\"http:\/\/www.todo-aviones.com.ar\/\" target=\"_blank\">todoaviones<\/a><\/small><br \/>\n<strong>&#8211;<\/strong> <small><a href=\"http:\/\/worldwind.arc.nasa.gov\/\" target=\"_blank\">World Wind (Vistas de sat\u00e9lite de la NASA)<\/a><\/small><\/td>\n<td><strong>\u00bb <\/strong><strong>Aviacion militar<\/strong><br \/>\n<strong>&#8211;<\/strong> <small><a href=\"http:\/\/www.photovault.com\/Link\/Military\/AirForce\/Aircraft\/SU-27Flanker.html\" target=\"_blank\">+ Aviones<\/a><\/small><br \/>\n<strong>&#8211;<\/strong> <small><a href=\"http:\/\/www.flightsimnetwork.com\/aircraft3-view\/3views.html\" target=\"_blank\">3D Views<\/a><\/small><br \/>\n<strong>&#8211;<\/strong> <small><a href=\"http:\/\/www.airspacemag.com\/\" target=\"_blank\">Air and Space Smithsonian Magazine<\/a><\/small><br \/>\n<strong>&#8211;<\/strong> <small><a href=\"http:\/\/www.afa.org\/\" target=\"_blank\">Air Force Association<\/a><\/small><br \/>\n<strong>&#8211;<\/strong> <small><a href=\"http:\/\/airbase.uka.ru\/eng.phtml\" target=\"_blank\">Airbase =KRoN=<\/a><\/small><br \/>\n<strong>&#8211;<\/strong> <small><a href=\"http:\/\/blue-impulse.hp.infoseek.co.jp\/cn2000\/video\/video.html\" target=\"_blank\">Airshow China 2000<\/a><\/small><br \/>\n<strong>&#8211;<\/strong> <small><a href=\"http:\/\/www.aire.org\/\" target=\"_blank\">Asociaci\u00f3n AIRE<\/a><\/small><br \/>\n<strong>&#8211;<\/strong> <small><a href=\"http:\/\/www.aviation.ru\/\" target=\"_blank\">Aviaci\u00f3n rusa<\/a><\/small><br \/>\n<strong>&#8211;<\/strong> <small><a href=\"http:\/\/saffire8291.blowsearch.ws\/\" target=\"_blank\">Aviation Guru<\/a><\/small><br \/>\n<strong>&#8211;<\/strong> <small><a href=\"http:\/\/www.avionesmilitares.com.ar\/\" target=\"_blank\">Aviones Militares.com<\/a><\/small><br \/>\n<strong>&#8211;<\/strong> <small><a href=\"http:\/\/wp.scn.ru\/\" target=\"_blank\">camuflage de aviones de todo el mundo<\/a><\/small><br \/>\n<strong>&#8211;<\/strong> <small><a href=\"http:\/\/www.airtoaircombat.com\/\" target=\"_blank\">cazas actuales<\/a><\/small><br \/>\n<strong>&#8211;<\/strong> <small><a href=\"http:\/\/warbuddies.homestead.com\/index.html\" target=\"_blank\">Construye el que m\u00e1s te guste<\/a><\/small><br \/>\n<strong>&#8211;<\/strong> <small><a href=\"http:\/\/www.freedict.com\/onldict\/rus.html\" target=\"_blank\">Diccionario de Ruso<\/a><\/small><br \/>\n<strong>&#8211;<\/strong> <small><a href=\"http:\/\/www.seatejectcolor.com\/seat\/links\/aerouff\/\" target=\"_blank\">Enlaces a Fuerzas A\u00e9reas del mundo<\/a><\/small><br \/>\n<strong>&#8211;<\/strong> <small><a href=\"http:\/\/www.aire.org\/enlaces\/linkaeva.htm\" target=\"_blank\">Enlaces aeron\u00e1uticos<\/a><\/small><br \/>\n<strong>&#8211;<\/strong> <small><a href=\"http:\/\/russiamilitar.da.ru\/\" target=\"_blank\">Equipamiento militar ruso<\/a><\/small><br \/>\n<strong>&#8211;<\/strong> <small><a href=\"http:\/\/www.fabulousfulcrums.de\/\" target=\"_blank\">Fabulous Fulcrums<\/a><\/small><br \/>\n<strong>&#8211;<\/strong> <small><a href=\"http:\/\/www.saunalahti.fi\/%7Efta\/\" target=\"_blank\">Fighter Tactics Academy<\/a><\/small><br \/>\n<strong>&#8211;<\/strong> <small><a href=\"http:\/\/www.propro.ru\/flankers\/\" target=\"_blank\">Flankers CD<\/a><\/small><br \/>\n<strong>&#8211;<\/strong> <small><a href=\"http:\/\/airbase.uka.ru\/photos\/all\/\" target=\"_blank\">Fotos de Aviaci\u00f3n (Airbase =KRoN=)<\/a><\/small><br \/>\n<strong>&#8211;<\/strong> <small><a href=\"http:\/\/www.brazd.ru\/\" target=\"_blank\">Fotos de aviones rusos<\/a><\/small><br \/>\n<strong>&#8211;<\/strong> <small><a href=\"http:\/\/www.duffeyk.fsnet.co.uk\/\" target=\"_blank\">Fotos de Flanker en detalle<\/a><\/small><br \/>\n<strong>&#8211;<\/strong> <small><a href=\"http:\/\/www.sovietarmy.com\/mirror\/undertheredstar\/index.htm\" target=\"_blank\">Gorras del ej\u00e9rcito sovi\u00e9tico<\/a><\/small><br \/>\n<strong>&#8211;<\/strong> <small><a href=\"http:\/\/www.hangardigital.com.ar\/index.html\" target=\"_blank\">Hangar Digital com.ar<\/a><\/small><br \/>\n<strong>&#8211;<\/strong> <small><a href=\"http:\/\/helicopterosmilitares.da.ru\/\" target=\"_blank\">Helicopteros Militares<\/a><\/small><br \/>\n<strong>&#8211;<\/strong> <small><a href=\"http:\/\/www.historicwings.com\/\" target=\"_blank\">Historic Wings<\/a><\/small><br \/>\n<strong>&#8211;<\/strong> <small><a href=\"http:\/\/greenwichmeantime.com\/\" target=\"_blank\">Hora GMT-Zonas Horarias<\/a><\/small><br \/>\n<strong>&#8211;<\/strong> <small><a href=\"http:\/\/www.mandolux.com\/\" target=\"_blank\">Im\u00e1genes de Mandolux<\/a><\/small><br \/>\n<strong>&#8211;<\/strong> <small><a href=\"http:\/\/www.ifpa-fly.com\/\" target=\"_blank\">International Fighter Pilots Academy<\/a><\/small><br \/>\n<strong>&#8211;<\/strong> <small><a href=\"http:\/\/www.janes.com\/\" target=\"_blank\">Jane\u00b4s: actualidad militar<\/a><\/small><br \/>\n<strong>&#8211;<\/strong> <small><a href=\"http:\/\/www.dean.usma.edu\/history\/dhistorymaps\/Atlas%20Page.htm\" target=\"_blank\">Map Library<\/a><\/small><br \/>\n<strong>&#8211;<\/strong> <small><a href=\"http:\/\/www.militaryaviator.de\/\" target=\"_blank\">Military Aviator<\/a><\/small><br \/>\n<strong>&#8211;<\/strong> <small><a href=\"http:\/\/www.fulcrum.prv.pl\/\" target=\"_blank\">P\u00e1gina de los fulcrum polacos<\/a><\/small><br \/>\n<strong>&#8211;<\/strong> <small><a href=\"http:\/\/www.airwar.ru\/other\/draw.html\" target=\"_blank\">Planos de modelos de todas las epocas<\/a><\/small><br \/>\n<strong>&#8211;<\/strong> <small><a href=\"http:\/\/www.suurland.com\/\" target=\"_blank\">Planos&amp;Datos<\/a><\/small><br \/>\n<strong>&#8211;<\/strong> <small><a href=\"http:\/\/www.portierramaryaire.com\/\" target=\"_blank\">por tierra mar y aire<\/a><\/small><br \/>\n<strong>&#8211;<\/strong> <small><a href=\"http:\/\/www.rusarm.ru\/\" target=\"_blank\">ROSOBORENEXPORT (Russian Defence Export)<\/a><\/small><br \/>\n<strong>&#8211;<\/strong> <small><a href=\"http:\/\/geocities.yahoo.com.br\/alvmaia\/Sukhoi\/\" target=\"_blank\">Russian aircraft camouflage &amp;colours<\/a><\/small><br \/>\n<strong>&#8211;<\/strong> <small><a href=\"http:\/\/hep2.physics.arizona.edu\/%7Esavin\/ram\/indexq.html\" target=\"_blank\">Russian Aviation Museum<\/a><\/small><br \/>\n<strong>&#8211;<\/strong> <small><a href=\"http:\/\/aeroweb.lucia.it\/%7Eagretch\/RAP.html\" target=\"_blank\">Russian Aviation Page<\/a><\/small><br \/>\n<strong>&#8211;<\/strong> <small><a href=\"http:\/\/www.knights.ru\/\" target=\"_blank\">Russian Knights<\/a><\/small><br \/>\n<strong>&#8211;<\/strong> <small><a href=\"http:\/\/www.wonderland.org.nz\/\" target=\"_blank\">Russian missile systems<\/a><\/small><br \/>\n<strong>&#8211;<\/strong> <small><a href=\"http:\/\/www.snaproll-sukhoi.com\/\" target=\"_blank\">snaproll-sukhoi<\/a><\/small><br \/>\n<strong>&#8211;<\/strong> <small><a href=\"http:\/\/luthier.stormloader.com\/\" target=\"_blank\">Soviet Fighter Tactics<\/a><\/small><br \/>\n<strong>&#8211;<\/strong> <small><a href=\"http:\/\/www.army-technology.com\/\" target=\"_blank\">tecnolog\u00eda militar<\/a><\/small><br \/>\n<strong>&#8211;<\/strong> <small><a href=\"http:\/\/www.aeronautics.ru\/\" target=\"_blank\">Venik\u00b4s Aviation<\/a><\/small><br \/>\n<strong>&#8211;<\/strong> <small><a href=\"http:\/\/www.sukhoi.ru\/\" target=\"_blank\">Web oficial de Sukhoi<\/a><\/small><br \/>\n<strong>&#8211;<\/strong> <small><a href=\"http:\/\/www.aire.mde.es\/\" target=\"_blank\">Web Oficial del EA espa\u00f1ol<\/a><\/small><br \/>\n<strong>&#8211;<\/strong> <small><a href=\"http:\/\/www.wingmen-alliance.com\/\" target=\"_blank\">Wingmen Alliance<\/a><\/small><br \/>\n<strong>&#8211;<\/strong> <small><a href=\"http:\/\/www.aviation.ru\/contrib\/Andrey_Platonov\/Yak-3\/PilotManual\/\" target=\"_blank\">YAK-3 Manual del Piloto (en ruso)<\/a><\/small><br \/>\n<strong>&#8211;<\/strong> <small><a href=\"http:\/\/www.jg2.org\/time.htm\" target=\"_blank\">Zonas Horarias- Hora GMT<\/a><\/small><\/p>\n<p>&nbsp;<\/td>\n<\/tr>\n<tr>\n<td><strong>\u00bb <\/strong><strong>Escuadrones virtuales<\/strong><br \/>\n<strong>&#8211;<\/strong> <small><a href=\"http:\/\/www.geocities.com\/ala-10\/\" target=\"_blank\">101 Escuadr\u00f3n de Combate Virtual<\/a><\/small><br \/>\n<strong>&#8211;<\/strong> <small><a href=\"http:\/\/www.checksix-fr.com\/\" target=\"_blank\">Check Six<\/a><\/small><br \/>\n<strong>&#8211;<\/strong> <small><a href=\"http:\/\/geocities.com\/escuadron_EAE\/\" target=\"_blank\">EAE(escuadron aereo espa\u00f1ol)<\/a><\/small><br \/>\n<strong>&#8211;<\/strong> <small><a href=\"http:\/\/www.ecv56condor.com.ar\/\" target=\"_blank\">ECV56 Condor<\/a><\/small><br \/>\n<strong>&#8211;<\/strong> <small><a href=\"http:\/\/www.escuadron111.com\/\" target=\"_blank\">Escuadr\u00f3n 111<\/a><\/small><br \/>\n<strong>&#8211;<\/strong> <small><a href=\"http:\/\/www.adsvat2004.com\/\" target=\"_blank\">Escuadr\u00f3n Espa\u00f1ol ADSVAT2k4<\/a><\/small><br \/>\n<strong>&#8211;<\/strong> <small><a href=\"http:\/\/www.spania-hq.com\/\" target=\"_blank\">Escuadr\u00f3n SPANIA<\/a><\/small><br \/>\n<strong>&#8211;<\/strong> <small><a href=\"http:\/\/www.faev.com\/\" target=\"_blank\">FAEV<\/a><\/small><br \/>\n<strong>&#8211;<\/strong> <small><a href=\"http:\/\/www.terra.es\/personal9\/952303851\/lafaev.htm\" target=\"_blank\">FAEV FUERZA A\u00c9REA ESPA\u00d1OLA VIRTUAL<\/a><\/small><br \/>\n<strong>&#8211;<\/strong> <small><a href=\"http:\/\/www.gaev.com.ar\/\" target=\"_blank\">Grupo Aeronaval Embarcado Virtual Argentino<\/a><\/small><br \/>\n<strong>&#8211;<\/strong> <small><a href=\"http:\/\/www.geocities.com\/los_bravos_fieros_e_idomitos\/default.htm\" target=\"_blank\">Los Bravos<\/a><\/small><br \/>\n<strong>&#8211;<\/strong> <small><a href=\"http:\/\/marseillegruppe.com\/\" target=\"_blank\">Marseille Gruppe<\/a><\/small><br \/>\n<strong>&#8211;<\/strong> <small><a href=\"http:\/\/www.piratasdelaire.com\/\" target=\"_blank\">Piratas del Aire<\/a><\/small><br \/>\n<strong>&#8211;<\/strong> <small><a href=\"http:\/\/www.redec3.com.br\/\" target=\"_blank\">Rede C3<\/a><\/small><br \/>\n<strong>&#8211;<\/strong> <small><a href=\"http:\/\/schg1.dyndns.org\/\" target=\"_blank\">Schlachtgeschwader 1<\/a><\/small><br \/>\n<strong>&#8211;<\/strong> <small><a href=\"http:\/\/www.svaf.es.vg\/\" target=\"_blank\">SVAF<\/a><\/small><br \/>\n<strong>&#8211;<\/strong> <small><a href=\"http:\/\/www.taken.tripod.com\/\" target=\"_blank\">TAKEN<\/a><\/small><\/td>\n<td valign=\"top\"><strong>\u00bb <\/strong><strong>Flanker (Simulador)<\/strong><br \/>\n<strong>&#8211;<\/strong> <small><a href=\"http:\/\/ham.dogfighter.com\/flanker\/\" target=\"_blank\">FJFS-Flanker Flight Simulator<\/a><\/small><br \/>\n<strong>&#8211;<\/strong> <small><a href=\"http:\/\/www.flankerargentina.com.ar\/\" target=\"_blank\">Flanker Argentina<\/a><\/small><br \/>\n<strong>&#8211;<\/strong> <small><a href=\"http:\/\/www.fl-air.co.uk\/\" target=\"_blank\">FLanker Ladder<\/a><\/small><br \/>\n<strong>&#8211;<\/strong> <small><a href=\"http:\/\/flankertraining.com\/ironhand\/index.html\" target=\"_blank\">Ironhand<\/a><\/small><br \/>\n<strong>&#8211;<\/strong> <small><a href=\"http:\/\/www.lockon.ru\/index.php?lang=en\" target=\"_blank\">LockOn.ru<\/a><\/small><br \/>\n<strong>&#8211;<\/strong> <small><a href=\"http:\/\/users.vei.net\/taurion\/home.html\" target=\"_blank\">The Taurion Web Site (1)<\/a><\/small><br \/>\n<strong>&#8211;<\/strong> <small><a href=\"http:\/\/www.btinternet.com\/%7Ehasfjord\/TrackPacker\/\" target=\"_blank\">TrackPacker<\/a><\/small><br \/>\n<strong>&#8211;<\/strong> <small><a href=\"http:\/\/562.50megs.com\/index.htm\" target=\"_blank\">Tutorial de camuflajes de Eric Johnson<\/a><\/small><br \/>\n<strong>&#8211;<\/strong> <small><a href=\"http:\/\/virtualflight.ru\/index_en.php\" target=\"_blank\">Virtual Flight Training Center (VFTC), Moscow<\/a><\/small><br \/>\n<strong>&#8211;<\/strong> <small><a href=\"http:\/\/virtualflight.ru\/index_en.php\" target=\"_blank\">Virtual Flight Training Center (VFTC), Moscow<\/a><\/small><br \/>\n<strong>&#8211;<\/strong> <small><a href=\"http:\/\/www.flanker2.com\/\" target=\"_blank\">Web oficial de Flanker 2.x<\/a><\/small><\/td>\n<\/tr>\n<tr>\n<td valign=\"top\"><strong>\u00bb <\/strong><strong>Glosario<\/strong><br \/>\n<strong>&#8211;<\/strong> <small><a href=\"http:\/\/www.un.org\/Depts\/dpko\/glossary\/\" target=\"_blank\">Glossary of UN Peacekeeping Terms<\/a><\/small><br \/>\n<strong>&#8211;<\/strong> <small><a href=\"http:\/\/www.un.org\/spanish\/peace\/dpko\/glossary\/\" target=\"_blank\">T\u00e9rminos misiones mantenimiento paz NU<\/a><\/small><\/td>\n<td><strong>\u00bb <\/strong><strong>Hardware<\/strong><br \/>\n<strong>&#8211;<\/strong> <small><a href=\"http:\/\/www.3ddrivers.com\/\" target=\"_blank\">3D Drivers<\/a><\/small><br \/>\n<strong>&#8211;<\/strong> <small><a href=\"http:\/\/www.3dspotlight.com\/\" target=\"_blank\">3D Spotlight<\/a><\/small><br \/>\n<strong>&#8211;<\/strong> <small><a href=\"http:\/\/www.anandtech.com\/\" target=\"_blank\">Anandtech<\/a><\/small><br \/>\n<strong>&#8211;<\/strong> <small><a href=\"http:\/\/www.itsrussian.com\/\" target=\"_blank\">Art\u00edculos Rusos<\/a><\/small><br \/>\n<strong>&#8211;<\/strong> <small><a href=\"http:\/\/cougar.frugalsworld.com\/\" target=\"_blank\">Cougar Thrustmaster<\/a><\/small><br \/>\n<strong>&#8211;<\/strong> <small><a href=\"http:\/\/www.cougarspain.com\/\" target=\"_blank\">Cougarspain<\/a><\/small><br \/>\n<strong>&#8211;<\/strong> <small><a href=\"http:\/\/www.guru3d.com\/\" target=\"_blank\">Guru3d<\/a><\/small><br \/>\n<strong>&#8211;<\/strong> <small><a href=\"http:\/\/www.hardlimit.com\/\" target=\"_blank\">HardLimit<\/a><\/small><br \/>\n<strong>&#8211;<\/strong> <small><a href=\"http:\/\/www.noticias3d.com\/\" target=\"_blank\">Noticias3D.com<\/a><\/small><br \/>\n<strong>&#8211;<\/strong> <small><a href=\"http:\/\/www.nvitalia.com\/\" target=\"_blank\">NvItalia<\/a><\/small><br \/>\n<strong>&#8211;<\/strong> <small><a href=\"http:\/\/www.reactorcritical.com\/\" target=\"_blank\">Reactor Critical<\/a><\/small><br \/>\n<strong>&#8211;<\/strong> <small><a href=\"http:\/\/saitekhelp.simhq.com\/\" target=\"_blank\">SaitekHelp<\/a><\/small><br \/>\n<strong>&#8211;<\/strong> <small><a href=\"http:\/\/www.shilmar.com\/\" target=\"_blank\">Shilmar-web<\/a><\/small><br \/>\n<strong>&#8211;<\/strong> <small><a href=\"http:\/\/www.theinquirer.net\/\" target=\"_blank\">The inquirer<\/a><\/small><br \/>\n<strong>&#8211;<\/strong> <small><a href=\"http:\/\/www.tomshardware.com\/\" target=\"_blank\">Tom\u00b4s Hardware<\/a><\/small><\/td>\n<\/tr>\n<tr>\n<td><strong>\u00bb <\/strong><strong>IL-2 Sturmovik<\/strong><br \/>\n<strong>&#8211;<\/strong> <small><a href=\"http:\/\/www.combataces.com\/il2.htm\" target=\"_blank\">Combat Aces IL2<\/a><\/small><br \/>\n<strong>&#8211;<\/strong> <small><a href=\"http:\/\/faevs.com\/il2\" target=\"_blank\">ESCUADRILLA IL2<\/a><\/small><br \/>\n<strong>&#8211;<\/strong> <small><a href=\"http:\/\/alail2epa.bravehost.com\/\" target=\"_blank\">Escuadron Piratas del Aire (ala IL2)<\/a><\/small><br \/>\n<strong>&#8211;<\/strong> <small><a href=\"http:\/\/il2.simnow.com\/\" target=\"_blank\">Fritzdog\u00b4s Resource Center<\/a><\/small><br \/>\n<strong>&#8211;<\/strong> <small><a href=\"http:\/\/www.fl-air.co.uk\/il2\/login.cfm?rf=index.cfm\" target=\"_blank\">IL-2 Challenge Ladder<\/a><\/small><br \/>\n<strong>&#8211;<\/strong> <small><a href=\"http:\/\/www.il2center.com\/\" target=\"_blank\">IL-2 Planes Database<\/a><\/small><br \/>\n<strong>&#8211;<\/strong> <small><a href=\"http:\/\/www.il2-resources.com\/\" target=\"_blank\">IL2 Resources<\/a><\/small><br \/>\n<strong>&#8211;<\/strong> <small><a href=\"http:\/\/www.xmission.com\/%7Ethon\/ladders\/il2\/il2.html\" target=\"_blank\">IL2 Sturmovik Competition Ladder<\/a><\/small><br \/>\n<strong>&#8211;<\/strong> <small><a href=\"http:\/\/pub3.bravenet.com\/sitering\/nav.php?usernum=225183265&amp;action=list&amp;siteid=35597\" target=\"_blank\">IL2 Web Ring<\/a><\/small><br \/>\n<strong>&#8211;<\/strong> <small><a href=\"http:\/\/www.sturmovik.com\/il2index.htm\" target=\"_blank\">IL2@Sturmovick.com<\/a><\/small><br \/>\n<strong>&#8211;<\/strong> <small><a href=\"http:\/\/www.iow-hq.de\/\" target=\"_blank\">IOW war site<\/a><\/small><br \/>\n<strong>&#8211;<\/strong> <small><a href=\"http:\/\/www.lwskins.de.vu\/\" target=\"_blank\">Luftwaffe skins<\/a><\/small><br \/>\n<strong>&#8211;<\/strong> <small><a href=\"http:\/\/www.il2sturmovik.com\/\" target=\"_blank\">Sitio web oficial<\/a><\/small><br \/>\n<strong>&#8211;<\/strong> <small><a href=\"http:\/\/luthier.stormloader.com\/home.html\" target=\"_blank\">Soviet Fighter Tactics<\/a><\/small><br \/>\n<strong>&#8211;<\/strong> <small><a href=\"http:\/\/ham.dogfighter.com\/sturmovik\/\" target=\"_blank\">Sturmovik Technika<\/a><\/small><br \/>\n<strong>&#8211;<\/strong> <small><a href=\"http:\/\/www.zenoswarbirdvideos.com\/\" target=\"_blank\">V\u00eddeos de entrenamiento de pilotos en la WWII<\/a><\/small><br \/>\n<strong>&#8211;<\/strong> <small><a href=\"http:\/\/www.lemsko.de\/3d\/ACM\/bacm.html\" target=\"_blank\">videos de maniobras b\u00e1sicas<\/a><\/small><br \/>\n<strong>&#8211;<\/strong> <small><a href=\"http:\/\/usuarios.lycos.es\/IL2faevs\/\" target=\"_blank\">XV\/JG51 de las FAEVS<\/a><\/small><\/td>\n<td valign=\"top\"><strong>\u00bb <\/strong><strong>Pruebas de Rendimiento<\/strong><br \/>\n<strong>&#8211;<\/strong> <small><a href=\"http:\/\/www.adsl4ever.com\/\" target=\"_blank\">ADSL<\/a><\/small><br \/>\n<strong>&#8211;<\/strong> <small><a href=\"http:\/\/www.fraps.com\/\" target=\"_blank\">Fraps &#8211; Medidor de fps<\/a><\/small><br \/>\n<strong>&#8211;<\/strong> <small><a href=\"http:\/\/www.madonion.com\/\" target=\"_blank\">Mad Onion &#8211; Pruebas 3DMark y SysMark<\/a><\/small><\/td>\n<\/tr>\n<tr>\n<td><strong>\u00bb <\/strong><strong>Segunda Guerra Mundial<\/strong><br \/>\n<strong>&#8211;<\/strong> <small><a href=\"http:\/\/members.aol.com\/geobat66\/galland\/galland.htm\" target=\"_blank\">Adolf Galland, General de caza<\/a><\/small><br \/>\n<strong>&#8211;<\/strong> <small><a href=\"http:\/\/www.bf109.com\/\" target=\"_blank\">Bf-109<\/a><\/small><br \/>\n<strong>&#8211;<\/strong> <small><a href=\"http:\/\/www.dalnet.se\/%7Esurfcity\/index.html\" target=\"_blank\">Biplane Fighter Aces from the Second World War<\/a><\/small><br \/>\n<strong>&#8211;<\/strong> <small><a href=\"http:\/\/www.web-birds.com\/miller\/index.html\" target=\"_blank\">Construye tu propio Messerschmitts<\/a><\/small><br \/>\n<strong>&#8211;<\/strong> <small><a href=\"http:\/\/www.acepilots.com\/misc_hartmann.html\" target=\"_blank\">El AS Erich Hartmann<\/a><\/small><br \/>\n<strong>&#8211;<\/strong> <small><a href=\"http:\/\/www.sturmovik.com\/Orbat\/Orbat.htm\" target=\"_blank\">Escuadrones Rusos<\/a><\/small><br \/>\n<strong>&#8211;<\/strong> <small><a href=\"http:\/\/www.elknet.pl\/acestory\/aces.htm\" target=\"_blank\">Historias de los ASES de la WWII<\/a><\/small><br \/>\n<strong>&#8211;<\/strong> <small><a href=\"http:\/\/www.butler98.freeserve.co.uk\/jg26.htm\" target=\"_blank\">JG 26<\/a><\/small><br \/>\n<strong>&#8211;<\/strong> <small><a href=\"http:\/\/dspace.dial.pipex.com\/town\/avenue\/vy75\/kursk.htm\" target=\"_blank\">Mapas de la batalla de Kursk<\/a><\/small><br \/>\n<strong>&#8211;<\/strong> <small><a href=\"http:\/\/members.es.tripod.de\/SANMARCA\/index.htm\" target=\"_blank\">Polikarpov I-16<\/a><\/small><br \/>\n<strong>&#8211;<\/strong> <small><a href=\"http:\/\/www.luftarchiv.de\/\" target=\"_blank\">Wb de la Luftwaffe<\/a><\/small><\/td>\n<td valign=\"top\"><strong>\u00bb <\/strong><strong>Simuladores<\/strong><br \/>\n<strong>&#8211;<\/strong> <small><a href=\"http:\/\/www.hitechcreations.com\/\" target=\"_blank\">Aces High<\/a><\/small><br \/>\n<strong>&#8211;<\/strong> <small><a href=\"http:\/\/www.aire.cjb.net\/\" target=\"_blank\">EAEv &amp; DACv<\/a><\/small><br \/>\n<strong>&#8211;<\/strong> <small><a href=\"http:\/\/FSPlanet.com\/\" target=\"_blank\">FsPlanet<\/a><\/small><br \/>\n<strong>&#8211;<\/strong> <small><a href=\"http:\/\/scw.webcindario.com\/\" target=\"_blank\">Proyecto SCW (Simulador Guerra Civil)<\/a><\/small><br \/>\n<strong>&#8211;<\/strong> <small><a href=\"http:\/\/scw.hardgame.net\/\" target=\"_blank\">Proyecto SCW (Simulador Guerra Civil)<\/a><\/small><br \/>\n<strong>&#8211;<\/strong> <small><a href=\"http:\/\/www.simhq.com\/\" target=\"_blank\">SimHQ<\/a><\/small><br \/>\n<strong>&#8211;<\/strong> <small><a href=\"http:\/\/www.simuvuelo.org\/\" target=\"_blank\">Simuvuelo<\/a><\/small><br \/>\n<strong>&#8211;<\/strong> <small><a href=\"http:\/\/www.targetware.net\/\" target=\"_blank\">Target Korea<\/a><\/small><br \/>\n<strong>&#8211;<\/strong> <small><a href=\"http:\/\/www.targetrabaul.com\/\" target=\"_blank\">Target Rabaul<\/a><\/small><br \/>\n<strong>&#8211;<\/strong> <small><a href=\"http:\/\/www.targetflanders.com\/\" target=\"_blank\">Target: Flanders<\/a><\/small><br \/>\n<strong>&#8211;<\/strong> <small><a href=\"http:\/\/www.wingswithwires.com\/\" target=\"_blank\">Wing With Wires<\/a><\/small><\/td>\n<\/tr>\n<\/tbody>\n<\/table>\n<\/td>\n<td width=\"40%\" valign=\"top\">\n<form action=\"http:\/\/www.alasrojas.com\/bookmarks\/index.php\" method=\"post\"><strong>Ultimos 10 enlaces recibidos<\/strong><br \/>\n<\/form>\n<p><strong>\u00bb<\/strong> <strong><a href=\"http:\/\/www.luizmonteiro.com\/Index.aspx\" target=\"_blank\">C\u00e1lculos de aviaci\u00f3n<\/a><\/strong><br \/>\n<strong>\u00bb<\/strong> <strong><a href=\"http:\/\/www.un.org\/Depts\/dpko\/glossary\/\" target=\"_blank\">Glossary of UN Peacekeeping Terms<\/a><\/strong><br \/>\n<strong>\u00bb<\/strong> <strong><a href=\"http:\/\/www.un.org\/spanish\/peace\/dpko\/glossary\/\" target=\"_blank\">T\u00e9rminos misiones mantenimiento paz NU<\/a><\/strong><br \/>\n<strong>\u00bb<\/strong> <strong><a href=\"http:\/\/www.redbullairrace.com\/\" target=\"_blank\">carreras a\u00e9reas Red Bull<\/a><\/strong><br \/>\n<strong>\u00bb<\/strong> <strong><a href=\"http:\/\/www.gaev.com.ar\/\" target=\"_blank\">Grupo Aeronaval Embarcado Virtual Argentino<\/a><\/strong><br \/>\n<strong>\u00bb<\/strong> <strong><a href=\"http:\/\/faevs.com\/il2\" target=\"_blank\">ESCUADRILLA IL2<\/a><\/strong><br \/>\n<strong>\u00bb<\/strong> <strong><a href=\"http:\/\/alail2epa.bravehost.com\/\" target=\"_blank\">Escuadron Piratas del Aire (ala IL2)<\/a><\/strong><br \/>\n<strong>\u00bb<\/strong> <strong><a href=\"http:\/\/marseillegruppe.com\/\" target=\"_blank\">Marseille Gruppe<\/a><\/strong><br \/>\n<strong>\u00bb<\/strong> <strong><a href=\"http:\/\/apuntes.rincondelvago.com\/trabajos_global\/aeronautica_avionica\/\" target=\"_blank\">apuntes sobre aeronautica<\/a><\/strong><br \/>\n<strong>\u00bb<\/strong> <strong><a href=\"http:\/\/www.portierramaryaire.com\/\" target=\"_blank\">por tierra mar y aire<\/a><\/strong><\/td>\n<\/tr>\n<\/tbody>\n<\/table>\n","protected":false},"excerpt":{"rendered":"<p>ENLACES DE LAS ALAS ROJAS \u00bb Aviaci\u00f3n civil &#8211; Aeroclub Nimbus de Vuelo a Vela &#8211; Aeronews Network &#8211; Airbus A340 &#8211; apuntes sobre aeronautica &#8211; Asociaci\u00f3n de Aviaci\u00f3n Experimental &#8211; Asociaci\u00f3n Deportiva JACOB-52 &#8211; C\u00e1lculos de aviaci\u00f3n &#8211; carreras a\u00e9reas Red Bull &#8211; Comision de accidentes &#8211; Fotograf\u00eda astron\u00e1utica de la tierra &#8211; Informaci\u00f3n [&hellip;]<\/p>\n","protected":false},"author":1,"featured_media":0,"parent":83,"menu_order":0,"comment_status":"closed","ping_status":"closed","template":"onecolumn-page.php","meta":[],"_links":{"self":[{"href":"http:\/\/alasrojas.com\/blog\/index.php\/wp-json\/wp\/v2\/pages\/202"}],"collection":[{"href":"http:\/\/alasrojas.com\/blog\/index.php\/wp-json\/wp\/v2\/pages"}],"about":[{"href":"http:\/\/alasrojas.com\/blog\/index.php\/wp-json\/wp\/v2\/types\/page"}],"author":[{"embeddable":true,"href":"http:\/\/alasrojas.com\/blog\/index.php\/wp-json\/wp\/v2\/users\/1"}],"replies":[{"embeddable":true,"href":"http:\/\/alasrojas.com\/blog\/index.php\/wp-json\/wp\/v2\/comments?post=202"}],"version-history":[{"count":3,"href":"http:\/\/alasrojas.com\/blog\/index.php\/wp-json\/wp\/v2\/pages\/202\/revisions"}],"predecessor-version":[{"id":213,"href":"http:\/\/alasrojas.com\/blog\/index.php\/wp-json\/wp\/v2\/pages\/202\/revisions\/213"}],"up":[{"embeddable":true,"href":"http:\/\/alasrojas.com\/blog\/index.php\/wp-json\/wp\/v2\/pages\/83"}],"wp:attachment":[{"href":"http:\/\/alasrojas.com\/blog\/index.php\/wp-json\/wp\/v2\/media?parent=202"}],"curies":[{"name":"wp","href":"https:\/\/api.w.org\/{rel}","templated":true}]}}