{"id":192,"date":"2011-02-24T17:38:20","date_gmt":"2011-02-24T17:38:20","guid":{"rendered":"http:\/\/www.alasrojas.com\/blog\/?page_id=192"},"modified":"2011-02-24T17:41:35","modified_gmt":"2011-02-24T17:41:35","slug":"comunicaciones","status":"publish","type":"page","link":"http:\/\/alasrojas.com\/blog\/index.php\/documentacion\/comunicaciones\/","title":{"rendered":"Comunicaciones"},"content":{"rendered":"<p>DISCIPLINA DE RADIO<\/p>\n<p>En esta p\u00e1gina vamos a tratar de las comunicaciones de radio, una de  las partes m\u00e1s importantes del vuelo y sin la cual ser\u00eda imposible, no  ya sincronizar un ataque m\u00faltiple, sino tan siquiera realizar una  formaci\u00f3n como la que se ve en marco de la izquierda.<\/p>\n<p>Cuando Susto y Pampero empezaron a volar el Su-27 en red descubrieron  que, dada la imposibilidad de realizar comunicaciones en directo,  muchas de las misiones resultaban imposibles, por lo que decidieron  buscarse la vida para solucionarlo (ver el apartado &#8220;VOZ&#8221; del web).  \u00bfCu\u00e1l fue el resultado del cambio?, pues que aquellas misiones en las  que finalizaban colgados de un paraca\u00eddas empezaron a ser realizadas con  \u00e9xito. \u00bfPor qu\u00e9?. Por la coordinaci\u00f3n que ofrece el poder hablar en  vuelo, un gran adelanto como esperamos que pod\u00e1is descubrir vosotros  mismos.<\/p>\n<div>\n<p>Pero esto no acaba aqu\u00ed, qu\u00e9 pasa cuando en vez de dos volando y  &#8220;cont\u00e1ndose la vida&#8221; hay tres o m\u00e1s. Pues que vuelve el caos porque nos  pisamos las comunicaciones o las convertimos en un medio de re\u00edrnos las  gracias y para eso no se dise\u00f1aron las radios en los aviones.<\/p>\n<p>\u00bfQu\u00e9 hay que hacer?, est\u00e1 claro, seguir una disciplina en cuanto a su  uso, que es precisamente lo que vamos a intentar establecer en esta  secci\u00f3n.<\/p>\n<p>Lo primero que tenemos que tener claro es cu\u00e1ndo y c\u00f3mo usaremos la  &#8220;radio&#8221;. Lo haremos s\u00f3lo cuando sea necesario para transmitir algo  imprescindible para el vuelo y hablando a una cadencia m\u00e1xima de 100  palabras por minuto. Es decir hablando despacio y habiendo pensado antes  lo que vamos a decir.<\/p>\n<p>\u00bfCu\u00e1ndo es necesario? Pues depende, si volamos en formaci\u00f3n (como  suele ser en casi todos los vuelos) la &#8220;radio&#8221; la usar\u00e1 el L\u00edder para  transmitir las instrucciones necesarias a sus hombres ala, y estos  deber\u00e1n responder colacionando la orden. Por ejemplo, para una formaci\u00f3n  que reciba el nombre de LANZA y se componga de tres puntos (aviones) se  podr\u00eda tener la siguiente conversaci\u00f3n:<\/p>\n<p><em>&#8211; LANZA 01 a ALAS contactos a las 12.<\/em><\/p>\n<p><em>&#8211; 02 recibido, contactos a las 12.<\/em><\/p>\n<p><em>&#8211; 03 recibido, contactos a las 12.<\/em><\/p>\n<p>Otro ejemplo.<\/p>\n<p><em>&#8211; Formaci\u00f3n LANZA conectar EOS.<\/em><\/p>\n<p><em>&#8211; 02 EOS conectado.<\/em><\/p>\n<p><em>&#8211; 03 EOS conectado.<\/em><\/p>\n<p>y as\u00ed para cualquier supuesto que se nos pueda ocurrir, siempre siguiendo un orden e intentando ser lo m\u00e1s escuetos posible.<\/p>\n<p>Lo siguiente a tener en cuenta es el vocabulario que vamos a emplear,  \u00bfel de andar por el IRC o uno m\u00e1s o menos aeron\u00e1utico?. Supongo que  todos estaremos de acuerdo en usar el aeron\u00e1utico, por lo que vamos a  poner a continuaci\u00f3n una serie (no todas) de expresiones tipo para que  nos vayamos familiarizando con ellas.<\/p>\n<p><span style=\"color: #000000; font-size: 23px; line-height: 35px;\">Expresiones Comunes<\/span><\/p>\n<table border=\"1\" width=\"100%\">\n<tbody>\n<tr>\n<td align=\"left\" valign=\"top\"><strong>BANDIT<\/strong><\/td>\n<td>contacto de radar o visual de un avi\u00f3n del que se tiene confirmaci\u00f3n que es enemigo.<\/td>\n<\/tr>\n<tr>\n<td align=\"left\" valign=\"top\"><strong>BINGO<\/strong><\/td>\n<td>nivel de combustible bajo, se estableci\u00f3 el valor del mismo antes del vuelo.<\/td>\n<\/tr>\n<tr>\n<td align=\"left\" valign=\"top\"><strong>BOGEY<\/strong><\/td>\n<td>contacto de radar o visual de un avi\u00f3n desconocido.<\/td>\n<\/tr>\n<tr>\n<td align=\"left\" valign=\"top\"><strong>CLEAN<\/strong><\/td>\n<td>no hay contactos en el radar.<\/td>\n<\/tr>\n<tr>\n<td align=\"left\" valign=\"top\"><strong>CONTACT<\/strong><\/td>\n<td>contacto con un avi\u00f3n en una posici\u00f3n conocida, (dar rumbo o posici\u00f3n seg\u00fan agujas del reloj).<\/td>\n<\/tr>\n<tr>\n<td align=\"right\" valign=\"top\"><strong>FOX ONE<\/strong><\/td>\n<td>disparo de un misil guiado por radar.<\/td>\n<\/tr>\n<tr>\n<td align=\"left\" valign=\"top\"><strong>FOX TWO<\/strong><\/td>\n<td>disparo de un misil con gu\u00eda IR.<\/td>\n<\/tr>\n<tr>\n<td align=\"left\" valign=\"top\"><strong>FOX THREE<\/strong><\/td>\n<td>disparo de un misil con gu\u00eda inercial.<\/td>\n<\/tr>\n<tr>\n<td align=\"left\" valign=\"top\"><strong>GUNS GUNS GUNS<\/strong><\/td>\n<td>disparos de ca\u00f1\u00f3n.<\/td>\n<\/tr>\n<tr>\n<td align=\"left\" valign=\"top\"><strong>JOKER<\/strong><\/td>\n<td>fuel por debajo de BINGO, justo para regresar a casa.<\/td>\n<\/tr>\n<tr>\n<td align=\"left\" valign=\"top\"><strong>MUSIC<\/strong><\/td>\n<td>contramedidas electr\u00f3nicas.<\/td>\n<\/tr>\n<tr>\n<td align=\"left\" valign=\"top\"><strong>ROGER<\/strong><\/td>\n<td>recibido.<\/td>\n<\/tr>\n<tr>\n<td align=\"left\" valign=\"top\"><strong>SAM<\/strong><\/td>\n<td>lanzamiento de un misil superficie aire.<\/td>\n<\/tr>\n<tr>\n<td align=\"left\" valign=\"top\"><strong>SPLASH<\/strong><\/td>\n<td>objetivo destruido.<\/td>\n<\/tr>\n<tr>\n<td align=\"left\" valign=\"top\"><strong>SPIKE<\/strong><\/td>\n<td>detectado radar enemigo en una posici\u00f3n dada<\/td>\n<\/tr>\n<\/tbody>\n<\/table>\n<p>Por supuesto la fraseolog\u00eda no acaba aqu\u00ed, esto no es m\u00e1s que un  ejemplo de los t\u00e9rminos b\u00e1sicos que debemos conocer, por lo que en  cualquier manual podr\u00e9is encontrar muchos m\u00e1s para enriquecer vuestro  vocabulario. Espero que esto os sirva de base para futuros vuelos, y lo  dicho, no olvid\u00e9is estudiar m\u00e1s.<\/p>\n<p><span style=\"color: #000000; font-size: 23px; line-height: 35px;\">Alfabeto Fon\u00e9tico<\/span><\/p>\n<p>Otra peculiaridad de la comunicaci\u00f3n por radio es que debido a las  frecuencias utilizadas los ruidos de fondo son numerosos, por lo que a  veces la comprensi\u00f3n no es del todo sencilla. Lamentablemente nuestras  conexiones de voz a trav\u00e9s de Internet\/Infov\u00eda van a sufrir el mismo  problema, por lo que es importante conocer el alfabeto f\u00f3netico que los  aviadores utilizan en la realidad cuando tienen que deletrear algo y no  pueden correr el riesgo de una mala interpretaci\u00f3n.<\/p>\n<table border=\"1\" width=\"100%\">\n<tbody>\n<tr>\n<td bgcolor=\"#c0c0c0\"><big><strong>A<\/strong><\/big><\/td>\n<td bgcolor=\"#c0c0c0\">Alfa<\/td>\n<td bgcolor=\"#c0c0c0\"><big><strong>B<\/strong><\/big><\/td>\n<td bgcolor=\"#c0c0c0\">Bravo<\/td>\n<td bgcolor=\"#c0c0c0\"><big><strong>C<\/strong><\/big><\/td>\n<td bgcolor=\"#c0c0c0\">Charlie<\/td>\n<td bgcolor=\"#c0c0c0\"><big><strong>D<\/strong><\/big><\/td>\n<td bgcolor=\"#c0c0c0\">Delta<\/td>\n<td bgcolor=\"#c0c0c0\"><big><strong>E<\/strong><\/big><\/td>\n<td bgcolor=\"#c0c0c0\">Echo<\/td>\n<td bgcolor=\"#c0c0c0\"><big><strong>F<\/strong><\/big><\/td>\n<td bgcolor=\"#c0c0c0\">Foxtrot<\/td>\n<td bgcolor=\"#c0c0c0\"><big><strong>G<\/strong><\/big><\/td>\n<td bgcolor=\"#c0c0c0\">Golf<\/td>\n<td bgcolor=\"#c0c0c0\"><big><strong>H<\/strong><\/big><\/td>\n<td bgcolor=\"#c0c0c0\">Hotel<\/td>\n<\/tr>\n<tr>\n<td bgcolor=\"#c0c0c0\"><big><strong>I<\/strong><\/big><\/td>\n<td bgcolor=\"#c0c0c0\">India<\/td>\n<td bgcolor=\"#c0c0c0\"><big><strong>J<\/strong><\/big><\/td>\n<td bgcolor=\"#c0c0c0\">Juliet<\/td>\n<td bgcolor=\"#c0c0c0\"><big><strong>K<\/strong><\/big><\/td>\n<td bgcolor=\"#c0c0c0\">Kilo<\/td>\n<td bgcolor=\"#c0c0c0\"><big><strong>L<\/strong><\/big><\/td>\n<td bgcolor=\"#c0c0c0\">Lima<\/td>\n<td bgcolor=\"#c0c0c0\"><big><strong>M<\/strong><\/big><\/td>\n<td bgcolor=\"#c0c0c0\">Mike<\/td>\n<td bgcolor=\"#c0c0c0\"><big><strong>N<\/strong><\/big><\/td>\n<td bgcolor=\"#c0c0c0\">November<\/td>\n<td bgcolor=\"#c0c0c0\"><big><strong>O<\/strong><\/big><\/td>\n<td bgcolor=\"#c0c0c0\">Oscar<\/td>\n<td bgcolor=\"#c0c0c0\"><big><strong>P<\/strong><\/big><\/td>\n<td bgcolor=\"#c0c0c0\">Papa<\/td>\n<\/tr>\n<tr>\n<td bgcolor=\"#c0c0c0\"><big><strong>Q<\/strong><\/big><\/td>\n<td bgcolor=\"#c0c0c0\">Quebec<\/td>\n<td bgcolor=\"#c0c0c0\"><big><strong>R<\/strong><\/big><\/td>\n<td bgcolor=\"#c0c0c0\">Romeo<\/td>\n<td bgcolor=\"#c0c0c0\"><big><strong>S<\/strong><\/big><\/td>\n<td bgcolor=\"#c0c0c0\">Sierra<\/td>\n<td bgcolor=\"#c0c0c0\"><big><strong>T<\/strong><\/big><\/td>\n<td bgcolor=\"#c0c0c0\">Tango<\/td>\n<td bgcolor=\"#c0c0c0\"><big><strong>U<\/strong><\/big><\/td>\n<td bgcolor=\"#c0c0c0\">Uniform<\/td>\n<td bgcolor=\"#c0c0c0\"><big><strong>V<\/strong><\/big><\/td>\n<td bgcolor=\"#c0c0c0\">Victor<\/td>\n<td bgcolor=\"#c0c0c0\"><big><strong>W<\/strong><\/big><\/td>\n<td bgcolor=\"#c0c0c0\">Whisky<\/td>\n<td bgcolor=\"#c0c0c0\"><\/td>\n<td bgcolor=\"#c0c0c0\"><\/td>\n<\/tr>\n<tr>\n<td bgcolor=\"#c0c0c0\"><big><strong>X<\/strong><\/big><\/td>\n<td bgcolor=\"#c0c0c0\">X-ray<\/td>\n<td bgcolor=\"#c0c0c0\"><big><strong>Y<\/strong><\/big><\/td>\n<td bgcolor=\"#c0c0c0\">Yankee<\/td>\n<td bgcolor=\"#c0c0c0\"><big><strong>Z<\/strong><\/big><\/td>\n<td bgcolor=\"#c0c0c0\">Zulu<\/td>\n<td bgcolor=\"#c0c0c0\"><\/td>\n<td bgcolor=\"#c0c0c0\"><\/td>\n<td bgcolor=\"#c0c0c0\"><\/td>\n<td bgcolor=\"#c0c0c0\"><\/td>\n<td bgcolor=\"#c0c0c0\"><\/td>\n<td bgcolor=\"#c0c0c0\"><\/td>\n<td bgcolor=\"#c0c0c0\"><\/td>\n<td bgcolor=\"#c0c0c0\"><\/td>\n<td bgcolor=\"#c0c0c0\"><\/td>\n<td bgcolor=\"#c0c0c0\"><\/td>\n<\/tr>\n<\/tbody>\n<\/table>\n<h2>Alfabeto Cir\u00edlico<\/h2>\n<p>Por supuesto, saber que la letra &#8220;M&#8221; se dice &#8220;Mike&#8221; a trav\u00e9s de la  radio no nos ayuda mucho a leer las etiquetas de los controles y mandos  de una cabina de vuelo rusa o ucraniana. Para saber pronunciar el nombre  de nuestro avi\u00f3n (FPA HKER) o el de un modo de radar (<img loading=\"lazy\" src=\"http:\/\/www.alasrojas.com\/Articulos\/radio\/textoruso.gif\" alt=\"Image2.gif (921 bytes)\" width=\"46\" height=\"13\" \/>)  nos har\u00e1 falta una equivalencia entre el alfabeto cir\u00edlico y el latino.  Precisamente esa equivalencia es la que aparece en la siguiente tabla.<\/p>\n<div>\n<table border=\"1\">\n<tbody>\n<tr>\n<td><img loading=\"lazy\" src=\"http:\/\/www.alasrojas.com\/Articulos\/radio\/alfabeto.gif\" alt=\"alfabeto.gif (6870 bytes)\" width=\"590\" height=\"327\" \/><\/td>\n<\/tr>\n<\/tbody>\n<\/table>\n<\/div>\n<\/div>\n","protected":false},"excerpt":{"rendered":"<p>DISCIPLINA DE RADIO En esta p\u00e1gina vamos a tratar de las comunicaciones de radio, una de las partes m\u00e1s importantes del vuelo y sin la cual ser\u00eda imposible, no ya sincronizar un ataque m\u00faltiple, sino tan siquiera realizar una formaci\u00f3n como la que se ve en marco de la izquierda. Cuando Susto y Pampero empezaron [&hellip;]<\/p>\n","protected":false},"author":1,"featured_media":0,"parent":81,"menu_order":5,"comment_status":"closed","ping_status":"closed","template":"onecolumn-page.php","meta":[],"_links":{"self":[{"href":"http:\/\/alasrojas.com\/blog\/index.php\/wp-json\/wp\/v2\/pages\/192"}],"collection":[{"href":"http:\/\/alasrojas.com\/blog\/index.php\/wp-json\/wp\/v2\/pages"}],"about":[{"href":"http:\/\/alasrojas.com\/blog\/index.php\/wp-json\/wp\/v2\/types\/page"}],"author":[{"embeddable":true,"href":"http:\/\/alasrojas.com\/blog\/index.php\/wp-json\/wp\/v2\/users\/1"}],"replies":[{"embeddable":true,"href":"http:\/\/alasrojas.com\/blog\/index.php\/wp-json\/wp\/v2\/comments?post=192"}],"version-history":[{"count":2,"href":"http:\/\/alasrojas.com\/blog\/index.php\/wp-json\/wp\/v2\/pages\/192\/revisions"}],"predecessor-version":[{"id":199,"href":"http:\/\/alasrojas.com\/blog\/index.php\/wp-json\/wp\/v2\/pages\/192\/revisions\/199"}],"up":[{"embeddable":true,"href":"http:\/\/alasrojas.com\/blog\/index.php\/wp-json\/wp\/v2\/pages\/81"}],"wp:attachment":[{"href":"http:\/\/alasrojas.com\/blog\/index.php\/wp-json\/wp\/v2\/media?parent=192"}],"curies":[{"name":"wp","href":"https:\/\/api.w.org\/{rel}","templated":true}]}}