{"id":190,"date":"2011-02-24T17:37:59","date_gmt":"2011-02-24T17:37:59","guid":{"rendered":"http:\/\/www.alasrojas.com\/blog\/?page_id=190"},"modified":"2012-11-26T11:06:03","modified_gmt":"2012-11-26T11:06:03","slug":"sistemas","status":"publish","type":"page","link":"http:\/\/alasrojas.com\/blog\/index.php\/documentacion\/sistemas\/","title":{"rendered":"Sistemas"},"content":{"rendered":"<p>En el <a title=\"foro\" href=\"http:\/\/www.alasrojas.com\/2.0\/foro\/\" target=\"_blank\">foro<\/a> de nuestra web puedes encontrar multitud de art\u00edculos sobre los sistemas de las aeronaves simuladas en DCS (Digital Combat Simulator)\u00a0principalmente por\u00a0Eagle Dynamics, aunque tambi\u00e9n se podr\u00e1 encontrar en el futuro alg\u00fan art\u00edculo sobre los sistemas de las aeronaves simuladas por terceras partes para DCS.<\/p>\n","protected":false},"excerpt":{"rendered":"<p>En el foro de nuestra web puedes encontrar multitud de art\u00edculos sobre los sistemas de las aeronaves simuladas en DCS (Digital Combat Simulator)\u00a0principalmente por\u00a0Eagle Dynamics, aunque tambi\u00e9n se podr\u00e1 encontrar en el futuro alg\u00fan art\u00edculo sobre los sistemas de las aeronaves simuladas por terceras partes para DCS.<\/p>\n","protected":false},"author":1,"featured_media":0,"parent":81,"menu_order":4,"comment_status":"closed","ping_status":"closed","template":"onecolumn-page.php","meta":[],"_links":{"self":[{"href":"http:\/\/alasrojas.com\/blog\/index.php\/wp-json\/wp\/v2\/pages\/190"}],"collection":[{"href":"http:\/\/alasrojas.com\/blog\/index.php\/wp-json\/wp\/v2\/pages"}],"about":[{"href":"http:\/\/alasrojas.com\/blog\/index.php\/wp-json\/wp\/v2\/types\/page"}],"author":[{"embeddable":true,"href":"http:\/\/alasrojas.com\/blog\/index.php\/wp-json\/wp\/v2\/users\/1"}],"replies":[{"embeddable":true,"href":"http:\/\/alasrojas.com\/blog\/index.php\/wp-json\/wp\/v2\/comments?post=190"}],"version-history":[{"count":3,"href":"http:\/\/alasrojas.com\/blog\/index.php\/wp-json\/wp\/v2\/pages\/190\/revisions"}],"predecessor-version":[{"id":591,"href":"http:\/\/alasrojas.com\/blog\/index.php\/wp-json\/wp\/v2\/pages\/190\/revisions\/591"}],"up":[{"embeddable":true,"href":"http:\/\/alasrojas.com\/blog\/index.php\/wp-json\/wp\/v2\/pages\/81"}],"wp:attachment":[{"href":"http:\/\/alasrojas.com\/blog\/index.php\/wp-json\/wp\/v2\/media?parent=190"}],"curies":[{"name":"wp","href":"https:\/\/api.w.org\/{rel}","templated":true}]}}