{"id":188,"date":"2011-02-24T17:37:37","date_gmt":"2011-02-24T17:37:37","guid":{"rendered":"http:\/\/www.alasrojas.com\/blog\/?page_id=188"},"modified":"2012-05-18T11:41:20","modified_gmt":"2012-05-18T11:41:20","slug":"aeronaves","status":"publish","type":"page","link":"http:\/\/alasrojas.com\/blog\/index.php\/documentacion\/aeronaves\/","title":{"rendered":"Aeronaves"},"content":{"rendered":"<p>Su-27<\/p>\n<p>Su-33<\/p>\n<p>Mig-29<\/p>\n<p>Mig-29S<\/p>\n<p>Su-25<\/p>\n<p>Su-25T<\/p>\n<p><a href=\"http:\/\/www.alasrojas.com\/blog\/?page_id=480\"><img loading=\"lazy\" class=\"alignleft size-thumbnail wp-image-493\" title=\"A-10C-letras\" src=\"http:\/\/www.alasrojas.com\/blog\/wp-content\/uploads\/2011\/02\/A-10C-letras1-150x150.jpg\" alt=\"\" width=\"150\" height=\"150\" \/><\/a>Pinchando en la imagen acceder\u00e1s a la documentaci\u00f3n del Escuadr\u00f3n Alas Rojas, referente a la aeronave A-10C.<\/p>\n<p>Dicha documentaci\u00f3n permitir\u00e1 al piloto instruirse, refrescar y profundizar conocimientos sobre esta magn\u00edfica plataforma de combate, especializada en el ataque a tierra.<\/p>\n<p>Ka-50<\/p>\n<p>P-51D<\/p>\n","protected":false},"excerpt":{"rendered":"<p>Su-27 Su-33 Mig-29 Mig-29S Su-25 Su-25T Pinchando en la imagen acceder\u00e1s a la documentaci\u00f3n del Escuadr\u00f3n Alas Rojas, referente a la aeronave A-10C. Dicha documentaci\u00f3n permitir\u00e1 al piloto instruirse, refrescar y profundizar conocimientos sobre esta magn\u00edfica plataforma de combate, especializada en el ataque a tierra. Ka-50 P-51D<\/p>\n","protected":false},"author":1,"featured_media":0,"parent":81,"menu_order":3,"comment_status":"closed","ping_status":"closed","template":"onecolumn-page.php","meta":[],"_links":{"self":[{"href":"http:\/\/alasrojas.com\/blog\/index.php\/wp-json\/wp\/v2\/pages\/188"}],"collection":[{"href":"http:\/\/alasrojas.com\/blog\/index.php\/wp-json\/wp\/v2\/pages"}],"about":[{"href":"http:\/\/alasrojas.com\/blog\/index.php\/wp-json\/wp\/v2\/types\/page"}],"author":[{"embeddable":true,"href":"http:\/\/alasrojas.com\/blog\/index.php\/wp-json\/wp\/v2\/users\/1"}],"replies":[{"embeddable":true,"href":"http:\/\/alasrojas.com\/blog\/index.php\/wp-json\/wp\/v2\/comments?post=188"}],"version-history":[{"count":9,"href":"http:\/\/alasrojas.com\/blog\/index.php\/wp-json\/wp\/v2\/pages\/188\/revisions"}],"predecessor-version":[{"id":498,"href":"http:\/\/alasrojas.com\/blog\/index.php\/wp-json\/wp\/v2\/pages\/188\/revisions\/498"}],"up":[{"embeddable":true,"href":"http:\/\/alasrojas.com\/blog\/index.php\/wp-json\/wp\/v2\/pages\/81"}],"wp:attachment":[{"href":"http:\/\/alasrojas.com\/blog\/index.php\/wp-json\/wp\/v2\/media?parent=188"}],"curies":[{"name":"wp","href":"https:\/\/api.w.org\/{rel}","templated":true}]}}