{"id":167,"date":"2011-02-24T17:12:03","date_gmt":"2011-02-24T17:12:03","guid":{"rendered":"http:\/\/www.alasrojas.com\/blog\/?page_id=167"},"modified":"2021-02-09T12:55:58","modified_gmt":"2021-02-09T12:55:58","slug":"rangos","status":"publish","type":"page","link":"http:\/\/alasrojas.com\/blog\/index.php\/alas-rojas\/rangos\/","title":{"rendered":"Rangos"},"content":{"rendered":"<p>HOJA DE SERVICIOS DE LAS ALAS ROJAS<\/p>\n<div>\n<p>En esta secci\u00f3n est\u00e1n todos aquellos pilotos de las Alas Rojas que aspiran a pilotar uno de nuestros aviones o que ya han obtenido la calificaci\u00f3n correspondiente y que participan en los encuentros en red del Ala.<\/p>\n<h2>Categor\u00edas Y Condecoraciones<\/h2>\n<p>Dentro del Ala, cada piloto tendr\u00e1 una categor\u00eda y, si tiene los m\u00e9ritos suficientes, una o m\u00e1s condecoraciones, de acuerdo con las siguientes tablas:<\/p>\n<table border=\"0\" width=\"100%\" cellpadding=\"0\">\n<tbody>\n<tr>\n<td valign=\"top\" width=\"50%\">\n<div>\n<table border=\"1\" width=\"95%\">\n<tbody>\n<tr>\n<td colspan=\"2\" align=\"center\" height=\"21\"><big><strong>Calificaci\u00f3n<\/strong><\/big><\/td>\n<\/tr>\n<tr>\n<td height=\"80\"><a href=\"http:\/\/archivo.www.alasrojas.com\/Pilotos\/instructor.gif\"><img loading=\"lazy\" class=\"alignnone\" src=\"http:\/\/www.alasrojas.com\/Pilotos\/instructor.gif\" alt=\"\" width=\"100\" height=\"80\" border=\"0\" \/><\/a><\/td>\n<td align=\"center\" height=\"80\"><big><strong>PILOTO DE PRIMERA CON CAPACIDAD OPERATIVA CLASE &#8220;A&#8221;<\/strong><\/big><\/p>\n<p>Calificaci\u00f3n para los Pilotos de Primera que hayan demostrado pericia en Operaciones On-line.<\/td>\n<\/tr>\n<tr>\n<td height=\"80\"><img loading=\"lazy\" src=\"http:\/\/www.alasrojas.com\/Pilotos\/hangar1.gif\" alt=\"\" width=\"114\" height=\"66\" align=\"middle\" border=\"0\" \/><\/td>\n<td align=\"center\" height=\"80\"><big><strong>PILOTO DE PRIMERA<\/strong><\/big><\/p>\n<p>Demostrada pericia en las operaciones embarcadas.<\/td>\n<\/tr>\n<tr>\n<td height=\"78\"><img loading=\"lazy\" src=\"http:\/\/www.alasrojas.com\/Pilotos\/hangar2.gif\" alt=\"\" width=\"105\" height=\"64\" align=\"middle\" border=\"0\" \/><\/td>\n<td align=\"center\" height=\"78\"><big><strong>PILOTO DE SEGUNDA<\/strong><\/big><\/p>\n<p>Demostrada pericia en el combate en condiciones IMC.<\/td>\n<\/tr>\n<tr>\n<td height=\"80\"><img loading=\"lazy\" src=\"http:\/\/www.alasrojas.com\/Pilotos\/hangar3.gif\" alt=\"\" width=\"115\" height=\"56\" align=\"middle\" border=\"0\" \/><\/td>\n<td align=\"center\" height=\"80\"><big><strong>PILOTO DE TERCERA<\/strong><\/big><\/p>\n<p>Demostrada pericia en el manejo de todas las armas en condiciones VMC.<\/td>\n<\/tr>\n<tr>\n<td height=\"59\"><img loading=\"lazy\" src=\"http:\/\/www.alasrojas.com\/Pilotos\/hangar4.gif\" alt=\"\" width=\"110\" height=\"50\" align=\"middle\" border=\"0\" \/><\/td>\n<td align=\"center\" height=\"59\"><big><strong>ALUMNO<\/strong><\/big><\/p>\n<p>Demostrada pericia en el manejo del avi\u00f3n.<\/td>\n<\/tr>\n<\/tbody>\n<\/table>\n<\/div>\n<\/td>\n<td valign=\"top\" width=\"50%\">\n<div>\n<table border=\"1\" width=\"95%\">\n<tbody>\n<tr>\n<td colspan=\"2\" align=\"center\"><big><strong>Condecoraciones<\/strong><\/big><\/td>\n<\/tr>\n<tr>\n<td align=\"center\"><img loading=\"lazy\" src=\"http:\/\/www.alasrojas.com\/Pilotos\/lenin.gif\" alt=\"\" width=\"48\" height=\"86\" border=\"0\" \/><\/td>\n<td><big><strong>ORDEN DE LENIN<\/strong><\/big><\/p>\n<p>Concedida a los pilotos hayan ganando tres torneos, es decir, al conseguir tres Ordenes de la Victoria.<\/td>\n<\/tr>\n<tr>\n<td align=\"center\"><img loading=\"lazy\" src=\"http:\/\/www.alasrojas.com\/Pilotos\/goldstar.gif\" alt=\"\" width=\"49\" height=\"90\" border=\"0\" \/><\/td>\n<td><big><strong>ESTRELLA DE ORO<\/strong><\/big><\/p>\n<p>Concedida a los pilotos que superen con \u00e9xito tres misiones propuestas por la Escuadrilla de Operaciones A\u00e9reas.<\/td>\n<\/tr>\n<tr>\n<td align=\"center\"><img loading=\"lazy\" src=\"http:\/\/www.alasrojas.com\/Pilotos\/redstar.gif\" alt=\"\" width=\"54\" height=\"52\" border=\"0\" \/><\/td>\n<td><big><strong>ESTRELLA ROJA<\/strong><\/big><\/p>\n<p>Concedida a los pilotos que contribuyen en gran medida al desarrollo del Ala.<\/td>\n<\/tr>\n<tr>\n<td align=\"center\"><img loading=\"lazy\" src=\"http:\/\/www.alasrojas.com\/Pilotos\/redsrtrib.gif\" alt=\"\" width=\"36\" height=\"21\" border=\"0\" \/><\/td>\n<td><big><strong>MENCI\u00d3N DE LA ESTRELLA ROJA<\/strong><\/big><\/p>\n<p>Concedida a los pilotos que han contribuido en alguna medida al desarrollo del Ala.<\/td>\n<\/tr>\n<tr>\n<td align=\"center\"><img loading=\"lazy\" src=\"http:\/\/www.alasrojas.com\/Pilotos\/victory.gif\" alt=\"\" width=\"68\" height=\"66\" border=\"0\" \/><\/td>\n<td><big><strong>ORDEN DE LA VICTORIA<\/strong><\/big><\/p>\n<p>Concedida a los pilotos vencedores en alguno de los torneos de LockOn.<\/td>\n<\/tr>\n<tr>\n<td align=\"center\"><img loading=\"lazy\" src=\"http:\/\/www.alasrojas.com\/Pilotos\/victoryr.gif\" alt=\"\" width=\"68\" height=\"22\" border=\"0\" \/><\/td>\n<td><big><strong>MENCION A LA ORDEN DE LA VICTORIA<\/strong><\/big><\/p>\n<p>Concedida a todos los pilotos que han participado en alguno de los torneos de LockOn.<\/td>\n<\/tr>\n<tr>\n<td align=\"center\"><img loading=\"lazy\" src=\"http:\/\/www.alasrojas.com\/Pilotos\/especial.gif\" alt=\"\" width=\"68\" height=\"66\" border=\"0\" \/><\/td>\n<td><big><strong>ALAS DORADAS<\/strong><\/big><\/p>\n<p>Concedida a todos aquellos pilotos que han contribuido especialmente con su creatividad al desarrollo del Ala.<\/td>\n<\/tr>\n<\/tbody>\n<\/table>\n<\/div>\n<\/td>\n<\/tr>\n<\/tbody>\n<\/table>\n<h2>Cargo En Las Alas Rojas<\/h2>\n<table border=\"0\" width=\"100%\">\n<tbody>\n<tr>\n<td valign=\"top\">\n<table border=\"1\" width=\"80%\" align=\"center\">\n<tbody>\n<tr>\n<td colspan=\"2\" align=\"center\" width=\"100%\"><strong>JEFATURA<\/strong><\/td>\n<\/tr>\n<tr>\n<td rowspan=\"2\" align=\"center\" width=\"50%\"><img loading=\"lazy\" src=\"http:\/\/www.alasrojas.com\/Pilotos\/JF_OPV.gif\" alt=\"\" width=\"80\" height=\"91\" border=\"0\" \/><\/td>\n<td align=\"center\" width=\"50%\"><strong>Mikeloto<\/strong><\/td>\n<\/tr>\n<tr>\n<td align=\"center\" width=\"50%\"><strong>Webmaster<\/strong><\/td>\n<\/tr>\n<tr>\n<td rowspan=\"2\" align=\"center\" width=\"50%\"><img loading=\"lazy\" src=\"http:\/\/www.alasrojas.com\/Pilotos\/JF_OPT.gif\" alt=\"\" width=\"80\" height=\"91\" border=\"0\" \/><\/td>\n<td align=\"center\" width=\"50%\"><strong>Mikeloto<\/strong><\/td>\n<\/tr>\n<tr>\n<td align=\"center\" width=\"50%\"><strong>Asistencia T\u00e9cnica<\/strong><\/td>\n<\/tr>\n<tr>\n<td rowspan=\"2\" align=\"center\" width=\"50%\"><a href=\"http:\/\/www.alasrojas.com\/Instruccion\/instruccion.htm\" target=\"_top\" rel=\"noopener\"><img loading=\"lazy\" src=\"http:\/\/www.alasrojas.com\/Pilotos\/Instructor_staff1.gif\" alt=\"\" width=\"85\" height=\"81\" border=\"0\" \/><\/a><\/td>\n<td align=\"center\" width=\"50%\"><a href=\"mailto:vibora@alasrojas.com\"><strong>V\u00edbora<\/strong><\/a><\/td>\n<\/tr>\n<tr>\n<td align=\"center\" width=\"50%\"><strong>Jefe de Instrucci\u00f3n<\/strong><\/td>\n<\/tr>\n<\/tbody>\n<\/table>\n<\/td>\n<\/tr>\n<\/tbody>\n<\/table>\n<\/div>\n","protected":false},"excerpt":{"rendered":"<p>HOJA DE SERVICIOS DE LAS ALAS ROJAS En esta secci\u00f3n est\u00e1n todos aquellos pilotos de las Alas Rojas que aspiran a pilotar uno de nuestros aviones o que ya han obtenido la calificaci\u00f3n correspondiente y que participan en los encuentros en red del Ala. Categor\u00edas Y Condecoraciones Dentro del Ala, cada piloto tendr\u00e1 una categor\u00eda [&hellip;]<\/p>\n","protected":false},"author":1,"featured_media":0,"parent":79,"menu_order":3,"comment_status":"closed","ping_status":"closed","template":"onecolumn-page.php","meta":[],"_links":{"self":[{"href":"http:\/\/alasrojas.com\/blog\/index.php\/wp-json\/wp\/v2\/pages\/167"}],"collection":[{"href":"http:\/\/alasrojas.com\/blog\/index.php\/wp-json\/wp\/v2\/pages"}],"about":[{"href":"http:\/\/alasrojas.com\/blog\/index.php\/wp-json\/wp\/v2\/types\/page"}],"author":[{"embeddable":true,"href":"http:\/\/alasrojas.com\/blog\/index.php\/wp-json\/wp\/v2\/users\/1"}],"replies":[{"embeddable":true,"href":"http:\/\/alasrojas.com\/blog\/index.php\/wp-json\/wp\/v2\/comments?post=167"}],"version-history":[{"count":6,"href":"http:\/\/alasrojas.com\/blog\/index.php\/wp-json\/wp\/v2\/pages\/167\/revisions"}],"predecessor-version":[{"id":1020,"href":"http:\/\/alasrojas.com\/blog\/index.php\/wp-json\/wp\/v2\/pages\/167\/revisions\/1020"}],"up":[{"embeddable":true,"href":"http:\/\/alasrojas.com\/blog\/index.php\/wp-json\/wp\/v2\/pages\/79"}],"wp:attachment":[{"href":"http:\/\/alasrojas.com\/blog\/index.php\/wp-json\/wp\/v2\/media?parent=167"}],"curies":[{"name":"wp","href":"https:\/\/api.w.org\/{rel}","templated":true}]}}