{"id":165,"date":"2011-02-24T17:11:43","date_gmt":"2011-02-24T17:11:43","guid":{"rendered":"http:\/\/www.alasrojas.com\/blog\/?page_id=165"},"modified":"2021-02-09T11:52:47","modified_gmt":"2021-02-09T11:52:47","slug":"reclutamiento","status":"publish","type":"page","link":"http:\/\/alasrojas.com\/blog\/index.php\/alas-rojas\/reclutamiento\/","title":{"rendered":"Reclutamiento"},"content":{"rendered":"<p><strong>Quiero apuntarme al Ala y participar en sus actividades<\/strong><\/p>\n<p>Env\u00eda un correo a nuestro Jefe de Instrucci\u00f3n, <a href=\"mailto:vibora@alasrojas.com\">Vibora<\/a>, y despu\u00e9s date una vuelta por las p\u00e1ginas de <a href=\"http:\/\/alasrojas.com\/blog\/index.php\/alas-rojas\/fichas-de-pilotos\/\" target=\"_top\" rel=\"noopener\">Pilotos<\/a>, <a href=\"http:\/\/www.alasrojas.com\/2.0\/index.php?id=65&amp;lang=1\" target=\"_top\" rel=\"noopener\">Reglamento<\/a> y <a href=\"http:\/\/www.alasrojas.com\/2.0\/foro\/\" target=\"_top\" rel=\"noopener\">Tabl\u00f3n<\/a>. Esto \u00faltimo es especialmente importante, siempre nos gusta saludar a los nuevos amigos, as\u00ed que no lo dudes y pasa a <a href=\"http:\/\/www.alasrojas.com\/2.0\/foro\/\" target=\"_top\" rel=\"noopener\">saludarnos<\/a>.<\/p>\n","protected":false},"excerpt":{"rendered":"<p>Quiero apuntarme al Ala y participar en sus actividades Env\u00eda un correo a nuestro Jefe de Instrucci\u00f3n, Vibora, y despu\u00e9s date una vuelta por las p\u00e1ginas de Pilotos, Reglamento y Tabl\u00f3n. Esto \u00faltimo es especialmente importante, siempre nos gusta saludar a los nuevos amigos, as\u00ed que no lo dudes y pasa a saludarnos.<\/p>\n","protected":false},"author":1,"featured_media":0,"parent":79,"menu_order":2,"comment_status":"closed","ping_status":"closed","template":"onecolumn-page.php","meta":[],"_links":{"self":[{"href":"http:\/\/alasrojas.com\/blog\/index.php\/wp-json\/wp\/v2\/pages\/165"}],"collection":[{"href":"http:\/\/alasrojas.com\/blog\/index.php\/wp-json\/wp\/v2\/pages"}],"about":[{"href":"http:\/\/alasrojas.com\/blog\/index.php\/wp-json\/wp\/v2\/types\/page"}],"author":[{"embeddable":true,"href":"http:\/\/alasrojas.com\/blog\/index.php\/wp-json\/wp\/v2\/users\/1"}],"replies":[{"embeddable":true,"href":"http:\/\/alasrojas.com\/blog\/index.php\/wp-json\/wp\/v2\/comments?post=165"}],"version-history":[{"count":3,"href":"http:\/\/alasrojas.com\/blog\/index.php\/wp-json\/wp\/v2\/pages\/165\/revisions"}],"predecessor-version":[{"id":1019,"href":"http:\/\/alasrojas.com\/blog\/index.php\/wp-json\/wp\/v2\/pages\/165\/revisions\/1019"}],"up":[{"embeddable":true,"href":"http:\/\/alasrojas.com\/blog\/index.php\/wp-json\/wp\/v2\/pages\/79"}],"wp:attachment":[{"href":"http:\/\/alasrojas.com\/blog\/index.php\/wp-json\/wp\/v2\/media?parent=165"}],"curies":[{"name":"wp","href":"https:\/\/api.w.org\/{rel}","templated":true}]}}