{"id":161,"date":"2011-02-24T17:10:50","date_gmt":"2011-02-24T17:10:50","guid":{"rendered":"http:\/\/www.alasrojas.com\/blog\/?page_id=161"},"modified":"2021-02-09T11:45:55","modified_gmt":"2021-02-09T11:45:55","slug":"presentacion","status":"publish","type":"page","link":"http:\/\/alasrojas.com\/blog\/index.php\/alas-rojas\/presentacion\/","title":{"rendered":"Presentaci\u00f3n"},"content":{"rendered":"<p><strong>BIENVENIDO A LAS ALAS ROJAS<\/strong><\/p>\n<p>Alas Rojas\u00a0es una comunidad dedicada a la simulaci\u00f3n, especialmente\u00a0en los simuladores Lock On: Flaming Cliffs y\u00a0en la serie Digital Combat Simulator (DCS), y centrados principalmente en los aviones rusos de estos simuladores. Ante todo somos un grupo de amigos amantes de la aviaci\u00f3n, y si t\u00fa tambi\u00e9n lo eres seguro que ser\u00e1s bienvenido.<\/p>\n<p>Esperamos que puedas encontrar todo lo que buscas en los diversos\u00a0puntos de informaci\u00f3n\u00a0virtuales (irc, web, foro) que ponemos a tu disposici\u00f3n.<\/p>\n<p><strong>C\u00d3MO CONTACTAR CON NOSOTROS<\/strong><\/p>\n<p>Si eres nuevo y quieres contactar con nosotros para iniciarte en estos mundos, volar en red o simplemente charlar, deber\u00e1s saber que para encontrarnos deber\u00e1s usar un programa de chat convencional y acceder al canal donde hacemos la vida de escuadr\u00f3n.<\/p>\n<p>Puedes contactar con nosotros a trav\u00e9s de <strong>Skype<\/strong> en el grupo Flanker &#8211; Alas Rojas. Realiza una b\u00fasqueda del usuario flankeralasrojas y te a\u00f1adiremos como contacto a la mayor brevedad.<\/p>\n<p>Tambi\u00e9n podr\u00e1s preguntarnos cosas y conocer m\u00e1s de nosotros a trav\u00e9s del <strong><a title=\"Foro\" href=\"http:\/\/www.alasrojas.com\/2.0\/foro\/\" target=\"_blank\" rel=\"noopener\">Foro<\/a><\/strong>.<\/p>\n<p><strong>C\u00d3MO APRENDER A VOLAR EL SIMULADOR<\/strong><\/p>\n<p>Para aprender a volar lo mejor es que te leas detenidamente los art\u00edculos que encontrar\u00e1s en esta web dentro de las secciones de &#8220;Escuela&#8221;, organizadas por simuladores, o bien si no encuentras respuestas a tus cuestiones ah\u00ed puedes preguntarnos directamente a trav\u00e9s del Foro o en Skype.<\/p>\n<p>Sin duda alguna,\u00a0la forma m\u00e1s r\u00e1pida de aprender es uni\u00e9ndote a nosotros en nuestros vuelos en red.<\/p>\n<p><strong>C\u00d3MO VOLAR EN RED<\/strong><\/p>\n<p>Para volar en red lo mejor es que te pases por el grupo de Skype Flanker &#8211; Alas Rojas, donde te podremos explicar de una forma r\u00e1pida c\u00f3mo unirte a nuestros vuelos, ah\u00ed te explicaremos c\u00f3mo nos organizamos. Para comunicarnos por voz usamos el <strong>Ventrilo <\/strong>que podr\u00e1s encontrar en <a href=\"http:\/\/www.ventrilo.com\/\">www.ventrilo.com<\/a>, y el <strong>Team Speak<\/strong>,\u00a0disponible en <a href=\"http:\/\/www.teamspeak.com\">www.teamspeak.com<\/a>,\u00a0si tienes algunas duda sobre c\u00f3mo usarlos no dudes en preguntarnos.<\/p>\n","protected":false},"excerpt":{"rendered":"<p>BIENVENIDO A LAS ALAS ROJAS Alas Rojas\u00a0es una comunidad dedicada a la simulaci\u00f3n, especialmente\u00a0en los simuladores Lock On: Flaming Cliffs y\u00a0en la serie Digital Combat Simulator (DCS), y centrados principalmente en los aviones rusos de estos simuladores. Ante todo somos un grupo de amigos amantes de la aviaci\u00f3n, y si t\u00fa tambi\u00e9n lo eres seguro [&hellip;]<\/p>\n","protected":false},"author":1,"featured_media":0,"parent":79,"menu_order":0,"comment_status":"closed","ping_status":"closed","template":"onecolumn-page.php","meta":[],"_links":{"self":[{"href":"http:\/\/alasrojas.com\/blog\/index.php\/wp-json\/wp\/v2\/pages\/161"}],"collection":[{"href":"http:\/\/alasrojas.com\/blog\/index.php\/wp-json\/wp\/v2\/pages"}],"about":[{"href":"http:\/\/alasrojas.com\/blog\/index.php\/wp-json\/wp\/v2\/types\/page"}],"author":[{"embeddable":true,"href":"http:\/\/alasrojas.com\/blog\/index.php\/wp-json\/wp\/v2\/users\/1"}],"replies":[{"embeddable":true,"href":"http:\/\/alasrojas.com\/blog\/index.php\/wp-json\/wp\/v2\/comments?post=161"}],"version-history":[{"count":8,"href":"http:\/\/alasrojas.com\/blog\/index.php\/wp-json\/wp\/v2\/pages\/161\/revisions"}],"predecessor-version":[{"id":1018,"href":"http:\/\/alasrojas.com\/blog\/index.php\/wp-json\/wp\/v2\/pages\/161\/revisions\/1018"}],"up":[{"embeddable":true,"href":"http:\/\/alasrojas.com\/blog\/index.php\/wp-json\/wp\/v2\/pages\/79"}],"wp:attachment":[{"href":"http:\/\/alasrojas.com\/blog\/index.php\/wp-json\/wp\/v2\/media?parent=161"}],"curies":[{"name":"wp","href":"https:\/\/api.w.org\/{rel}","templated":true}]}}