{"id":156,"date":"2011-02-24T17:09:01","date_gmt":"2011-02-24T17:09:01","guid":{"rendered":"http:\/\/www.alasrojas.com\/blog\/?page_id=156"},"modified":"2012-11-26T10:47:00","modified_gmt":"2012-11-26T10:47:00","slug":"el-simulador","status":"publish","type":"page","link":"http:\/\/alasrojas.com\/blog\/index.php\/dcs-fc2\/el-simulador\/","title":{"rendered":"El Simulador"},"content":{"rendered":"<p>Flaming Cliffs 3 es la continuaci\u00f3n de la saga Flanker, que la hace compatible con DCS World.<\/p>\n<p>FC3 se instala como un m\u00f3dulo sobre la base DCS World.<\/p>\n<p>Con FC3 podr\u00e1s volar una serie de aviones rusos y americanos en un entorno de gran realismo.<\/p>\n<p>Aviones rusos:<\/p>\n<p>Su-27, Su-33, Mig-29A, Mig-29S, Mig-29G, Su-25 y Su-25T.<\/p>\n<p>Aviones americanos:<\/p>\n<p>F-15C, A-10A.<\/p>\n","protected":false},"excerpt":{"rendered":"<p>Flaming Cliffs 3 es la continuaci\u00f3n de la saga Flanker, que la hace compatible con DCS World. FC3 se instala como un m\u00f3dulo sobre la base DCS World. Con FC3 podr\u00e1s volar una serie de aviones rusos y americanos en un entorno de gran realismo. Aviones rusos: Su-27, Su-33, Mig-29A, Mig-29S, Mig-29G, Su-25 y Su-25T. [&hellip;]<\/p>\n","protected":false},"author":1,"featured_media":0,"parent":77,"menu_order":3,"comment_status":"closed","ping_status":"closed","template":"onecolumn-page.php","meta":[],"_links":{"self":[{"href":"http:\/\/alasrojas.com\/blog\/index.php\/wp-json\/wp\/v2\/pages\/156"}],"collection":[{"href":"http:\/\/alasrojas.com\/blog\/index.php\/wp-json\/wp\/v2\/pages"}],"about":[{"href":"http:\/\/alasrojas.com\/blog\/index.php\/wp-json\/wp\/v2\/types\/page"}],"author":[{"embeddable":true,"href":"http:\/\/alasrojas.com\/blog\/index.php\/wp-json\/wp\/v2\/users\/1"}],"replies":[{"embeddable":true,"href":"http:\/\/alasrojas.com\/blog\/index.php\/wp-json\/wp\/v2\/comments?post=156"}],"version-history":[{"count":3,"href":"http:\/\/alasrojas.com\/blog\/index.php\/wp-json\/wp\/v2\/pages\/156\/revisions"}],"predecessor-version":[{"id":582,"href":"http:\/\/alasrojas.com\/blog\/index.php\/wp-json\/wp\/v2\/pages\/156\/revisions\/582"}],"up":[{"embeddable":true,"href":"http:\/\/alasrojas.com\/blog\/index.php\/wp-json\/wp\/v2\/pages\/77"}],"wp:attachment":[{"href":"http:\/\/alasrojas.com\/blog\/index.php\/wp-json\/wp\/v2\/media?parent=156"}],"curies":[{"name":"wp","href":"https:\/\/api.w.org\/{rel}","templated":true}]}}