{"id":152,"date":"2011-02-24T17:08:18","date_gmt":"2011-02-24T17:08:18","guid":{"rendered":"http:\/\/www.alasrojas.com\/blog\/?page_id=152"},"modified":"2012-11-26T10:39:11","modified_gmt":"2012-11-26T10:39:11","slug":"escuela","status":"publish","type":"page","link":"http:\/\/alasrojas.com\/blog\/index.php\/dcs-fc2\/escuela\/","title":{"rendered":"Escuela"},"content":{"rendered":"<p>En diferentes secciones de nuestra web as\u00ed como en nuestro foro puedes encontrar una gran variedad de art\u00edculos que te pueden resultar muy \u00fatiles a la hora de pilotar los aviones de Flaming Cliffs, aprender t\u00e9cnicas y t\u00e1cticas de vuelo o para conocer muchos otros aspectos del vuelo simulado, tanto en vuelo solo como en red.<\/p>\n","protected":false},"excerpt":{"rendered":"<p>En diferentes secciones de nuestra web as\u00ed como en nuestro foro puedes encontrar una gran variedad de art\u00edculos que te pueden resultar muy \u00fatiles a la hora de pilotar los aviones de Flaming Cliffs, aprender t\u00e9cnicas y t\u00e1cticas de vuelo o para conocer muchos otros aspectos del vuelo simulado, tanto en vuelo solo como en [&hellip;]<\/p>\n","protected":false},"author":1,"featured_media":0,"parent":77,"menu_order":1,"comment_status":"closed","ping_status":"closed","template":"onecolumn-page.php","meta":[],"_links":{"self":[{"href":"http:\/\/alasrojas.com\/blog\/index.php\/wp-json\/wp\/v2\/pages\/152"}],"collection":[{"href":"http:\/\/alasrojas.com\/blog\/index.php\/wp-json\/wp\/v2\/pages"}],"about":[{"href":"http:\/\/alasrojas.com\/blog\/index.php\/wp-json\/wp\/v2\/types\/page"}],"author":[{"embeddable":true,"href":"http:\/\/alasrojas.com\/blog\/index.php\/wp-json\/wp\/v2\/users\/1"}],"replies":[{"embeddable":true,"href":"http:\/\/alasrojas.com\/blog\/index.php\/wp-json\/wp\/v2\/comments?post=152"}],"version-history":[{"count":3,"href":"http:\/\/alasrojas.com\/blog\/index.php\/wp-json\/wp\/v2\/pages\/152\/revisions"}],"predecessor-version":[{"id":580,"href":"http:\/\/alasrojas.com\/blog\/index.php\/wp-json\/wp\/v2\/pages\/152\/revisions\/580"}],"up":[{"embeddable":true,"href":"http:\/\/alasrojas.com\/blog\/index.php\/wp-json\/wp\/v2\/pages\/77"}],"wp:attachment":[{"href":"http:\/\/alasrojas.com\/blog\/index.php\/wp-json\/wp\/v2\/media?parent=152"}],"curies":[{"name":"wp","href":"https:\/\/api.w.org\/{rel}","templated":true}]}}