{"id":144,"date":"2011-02-24T17:06:28","date_gmt":"2011-02-24T17:06:28","guid":{"rendered":"http:\/\/www.alasrojas.com\/blog\/?page_id=144"},"modified":"2021-02-09T11:23:02","modified_gmt":"2021-02-09T11:23:02","slug":"instruccion","status":"publish","type":"page","link":"http:\/\/alasrojas.com\/blog\/index.php\/dcs-ka50\/instruccion\/","title":{"rendered":"Instrucci\u00f3n"},"content":{"rendered":"<p>La instrucci\u00f3n en las Alas Rojas actualmente se realiza mediante vuelos en red.<br \/>\nPonte en contacto con nosotros para m\u00e1s informaci\u00f3n, a trav\u00e9s del foro o mediante email, que puedes encontrar en la secci\u00f3n <a href=\"http:\/\/www.alasrojas.com\/blog\/?page_id=165\">Alas Rojas &#8211; Reclutamiento<\/a>.<\/p>\n","protected":false},"excerpt":{"rendered":"<p>La instrucci\u00f3n en las Alas Rojas actualmente se realiza mediante vuelos en red. Ponte en contacto con nosotros para m\u00e1s informaci\u00f3n, a trav\u00e9s del foro o mediante email, que puedes encontrar en la secci\u00f3n Alas Rojas &#8211; Reclutamiento.<\/p>\n","protected":false},"author":1,"featured_media":0,"parent":74,"menu_order":2,"comment_status":"closed","ping_status":"closed","template":"onecolumn-page.php","meta":[],"_links":{"self":[{"href":"http:\/\/alasrojas.com\/blog\/index.php\/wp-json\/wp\/v2\/pages\/144"}],"collection":[{"href":"http:\/\/alasrojas.com\/blog\/index.php\/wp-json\/wp\/v2\/pages"}],"about":[{"href":"http:\/\/alasrojas.com\/blog\/index.php\/wp-json\/wp\/v2\/types\/page"}],"author":[{"embeddable":true,"href":"http:\/\/alasrojas.com\/blog\/index.php\/wp-json\/wp\/v2\/users\/1"}],"replies":[{"embeddable":true,"href":"http:\/\/alasrojas.com\/blog\/index.php\/wp-json\/wp\/v2\/comments?post=144"}],"version-history":[{"count":4,"href":"http:\/\/alasrojas.com\/blog\/index.php\/wp-json\/wp\/v2\/pages\/144\/revisions"}],"predecessor-version":[{"id":1012,"href":"http:\/\/alasrojas.com\/blog\/index.php\/wp-json\/wp\/v2\/pages\/144\/revisions\/1012"}],"up":[{"embeddable":true,"href":"http:\/\/alasrojas.com\/blog\/index.php\/wp-json\/wp\/v2\/pages\/74"}],"wp:attachment":[{"href":"http:\/\/alasrojas.com\/blog\/index.php\/wp-json\/wp\/v2\/media?parent=144"}],"curies":[{"name":"wp","href":"https:\/\/api.w.org\/{rel}","templated":true}]}}