{"id":133,"date":"2011-02-24T17:01:11","date_gmt":"2011-02-24T17:01:11","guid":{"rendered":"http:\/\/www.alasrojas.com\/blog\/?page_id=133"},"modified":"2021-02-09T11:24:31","modified_gmt":"2021-02-09T11:24:31","slug":"instruccion","status":"publish","type":"page","link":"http:\/\/alasrojas.com\/blog\/index.php\/dcs-a10c\/instruccion\/","title":{"rendered":"Instrucci\u00f3n"},"content":{"rendered":"<p>La instrucci\u00f3n en las Alas Rojas actualmente se realiza mediante vuelos en red.<br \/>\nPonte en contacto con nosotros para m\u00e1s informaci\u00f3n, a trav\u00e9s del foro o mediante email, que puedes encontrar en la secci\u00f3n <a href=\"http:\/\/www.alasrojas.com\/blog\/?page_id=165\">Alas Rojas &#8211; Reclutamiento<\/a>.<\/p>\n","protected":false},"excerpt":{"rendered":"<p>La instrucci\u00f3n en las Alas Rojas actualmente se realiza mediante vuelos en red. Ponte en contacto con nosotros para m\u00e1s informaci\u00f3n, a trav\u00e9s del foro o mediante email, que puedes encontrar en la secci\u00f3n Alas Rojas &#8211; Reclutamiento.<\/p>\n","protected":false},"author":1,"featured_media":0,"parent":72,"menu_order":2,"comment_status":"closed","ping_status":"closed","template":"","meta":[],"_links":{"self":[{"href":"http:\/\/alasrojas.com\/blog\/index.php\/wp-json\/wp\/v2\/pages\/133"}],"collection":[{"href":"http:\/\/alasrojas.com\/blog\/index.php\/wp-json\/wp\/v2\/pages"}],"about":[{"href":"http:\/\/alasrojas.com\/blog\/index.php\/wp-json\/wp\/v2\/types\/page"}],"author":[{"embeddable":true,"href":"http:\/\/alasrojas.com\/blog\/index.php\/wp-json\/wp\/v2\/users\/1"}],"replies":[{"embeddable":true,"href":"http:\/\/alasrojas.com\/blog\/index.php\/wp-json\/wp\/v2\/comments?post=133"}],"version-history":[{"count":7,"href":"http:\/\/alasrojas.com\/blog\/index.php\/wp-json\/wp\/v2\/pages\/133\/revisions"}],"predecessor-version":[{"id":1013,"href":"http:\/\/alasrojas.com\/blog\/index.php\/wp-json\/wp\/v2\/pages\/133\/revisions\/1013"}],"up":[{"embeddable":true,"href":"http:\/\/alasrojas.com\/blog\/index.php\/wp-json\/wp\/v2\/pages\/72"}],"wp:attachment":[{"href":"http:\/\/alasrojas.com\/blog\/index.php\/wp-json\/wp\/v2\/media?parent=133"}],"curies":[{"name":"wp","href":"https:\/\/api.w.org\/{rel}","templated":true}]}}