{"id":131,"date":"2011-02-24T17:00:45","date_gmt":"2011-02-24T17:00:45","guid":{"rendered":"http:\/\/www.alasrojas.com\/blog\/?page_id=131"},"modified":"2021-02-09T11:20:29","modified_gmt":"2021-02-09T11:20:29","slug":"escuela","status":"publish","type":"page","link":"http:\/\/alasrojas.com\/blog\/index.php\/dcs-a10c\/escuela\/","title":{"rendered":"Escuela"},"content":{"rendered":"<p>Escuela A10C.<br \/>\nEn nuestro foro se encuentran una serie de art\u00edculos de instrucci\u00f3n.<br \/>\nVer la secci\u00f3n de<a href=\"http:\/\/alasrojas.com\/blog\/index.php\/dcs-a10c\/instruccion\/\"> instrucci\u00f3n<\/a>.<\/p>\n","protected":false},"excerpt":{"rendered":"<p>Escuela A10C. En nuestro foro se encuentran una serie de art\u00edculos de instrucci\u00f3n. Ver la secci\u00f3n de instrucci\u00f3n.<\/p>\n","protected":false},"author":1,"featured_media":0,"parent":72,"menu_order":1,"comment_status":"closed","ping_status":"closed","template":"onecolumn-page.php","meta":[],"_links":{"self":[{"href":"http:\/\/alasrojas.com\/blog\/index.php\/wp-json\/wp\/v2\/pages\/131"}],"collection":[{"href":"http:\/\/alasrojas.com\/blog\/index.php\/wp-json\/wp\/v2\/pages"}],"about":[{"href":"http:\/\/alasrojas.com\/blog\/index.php\/wp-json\/wp\/v2\/types\/page"}],"author":[{"embeddable":true,"href":"http:\/\/alasrojas.com\/blog\/index.php\/wp-json\/wp\/v2\/users\/1"}],"replies":[{"embeddable":true,"href":"http:\/\/alasrojas.com\/blog\/index.php\/wp-json\/wp\/v2\/comments?post=131"}],"version-history":[{"count":4,"href":"http:\/\/alasrojas.com\/blog\/index.php\/wp-json\/wp\/v2\/pages\/131\/revisions"}],"predecessor-version":[{"id":1010,"href":"http:\/\/alasrojas.com\/blog\/index.php\/wp-json\/wp\/v2\/pages\/131\/revisions\/1010"}],"up":[{"embeddable":true,"href":"http:\/\/alasrojas.com\/blog\/index.php\/wp-json\/wp\/v2\/pages\/72"}],"wp:attachment":[{"href":"http:\/\/alasrojas.com\/blog\/index.php\/wp-json\/wp\/v2\/media?parent=131"}],"curies":[{"name":"wp","href":"https:\/\/api.w.org\/{rel}","templated":true}]}}